{"id":2289,"date":"2025-08-26T08:33:00","date_gmt":"2025-08-26T08:33:00","guid":{"rendered":"https:\/\/valleos.eu\/product\/kei-schneider\/"},"modified":"2026-02-20T11:44:48","modified_gmt":"2026-02-20T11:44:48","slug":"kei-schneider","status":"publish","type":"product","link":"https:\/\/valleos.eu\/de\/produkt\/kei-schneider\/","title":{"rendered":"KEI-Schneider"},"content":{"rendered":"<p>Der KEI Cutter ist die perfekte Gummischneidemaschine f\u00fcr Stanzformenhersteller und industrielle Anwendungen. Mit dem pneumatisch oszillierenden Schneidwerkzeug verarbeitet die Maschine Gummi, Schaumstoffe und Dichtungsmaterialien bis zu 50 mm St\u00e4rke (auf Wunsch bis 120 mm), ohne Werkzeugwechsel. <\/p>\n<p>Dank der benutzerfreundlichen Bedienoberfl\u00e4che und der intelligenten EyeVision-Software wird der Materialeinsatz optimiert und Verschnitt minimiert. So senken Sie Produktionskosten und steigern die Effizienz.<\/p>\n<p>Auch bei anspruchsvollen Materialien wie Vulkolan, Neopren oder Industriedichtungen \u00fcberzeugt der KEI Cutter durch pr\u00e4zise, schnelle und zuverl\u00e4ssige Schnittergebnisse. Ideal f\u00fcr Unternehmen, die niedrige Produktionskosten, hohe Schneidgeschwindigkeit und gleichbleibende Schnittqualit\u00e4t suchen. <\/p>\n","protected":false},"excerpt":{"rendered":"<p>Der KEI Cutter ist die perfekte Gummischneidemaschine f\u00fcr Stanzformenhersteller und industrielle Anwendungen. Mit dem pneumatisch oszillierenden Schneidwerkzeug verarbeitet die Maschine [&hellip;]<\/p>\n","protected":false},"featured_media":2116,"comment_status":"open","ping_status":"closed","template":"","meta":{"_acf_changed":false,"site-sidebar-layout":"default","site-content-layout":"","ast-site-content-layout":"default","site-content-style":"default","site-sidebar-style":"default","ast-global-header-display":"","ast-banner-title-visibility":"","ast-main-header-display":"","ast-hfb-above-header-display":"","ast-hfb-below-header-display":"","ast-hfb-mobile-header-display":"","site-post-title":"","ast-breadcrumbs-content":"","ast-featured-img":"","footer-sml-layout":"","ast-disable-related-posts":"","theme-transparent-header-meta":"default","adv-header-id-meta":"","stick-header-meta":"","header-above-stick-meta":"","header-main-stick-meta":"","header-below-stick-meta":"","astra-migrate-meta-layouts":"set","ast-page-background-enabled":"default","ast-page-background-meta":{"desktop":{"background-color":"var(--ast-global-color-5)","background-image":"","background-repeat":"repeat","background-position":"center center","background-size":"auto","background-attachment":"scroll","background-type":"","background-media":"","overlay-type":"","overlay-color":"","overlay-opacity":"","overlay-gradient":""},"tablet":{"background-color":"","background-image":"","background-repeat":"repeat","background-position":"center center","background-size":"auto","background-attachment":"scroll","background-type":"","background-media":"","overlay-type":"","overlay-color":"","overlay-opacity":"","overlay-gradient":""},"mobile":{"background-color":"","background-image":"","background-repeat":"repeat","background-position":"center center","background-size":"auto","background-attachment":"scroll","background-type":"","background-media":"","overlay-type":"","overlay-color":"","overlay-opacity":"","overlay-gradient":""}},"ast-content-background-meta":{"desktop":{"background-color":"var(--ast-global-color-4)","background-image":"","background-repeat":"repeat","background-position":"center center","background-size":"auto","background-attachment":"scroll","background-type":"","background-media":"","overlay-type":"","overlay-color":"","overlay-opacity":"","overlay-gradient":""},"tablet":{"background-color":"var(--ast-global-color-4)","background-image":"","background-repeat":"repeat","background-position":"center center","background-size":"auto","background-attachment":"scroll","background-type":"","background-media":"","overlay-type":"","overlay-color":"","overlay-opacity":"","overlay-gradient":""},"mobile":{"background-color":"var(--ast-global-color-4)","background-image":"","background-repeat":"repeat","background-position":"center center","background-size":"auto","background-attachment":"scroll","background-type":"","background-media":"","overlay-type":"","overlay-color":"","overlay-opacity":"","overlay-gradient":""}}},"product_brand":[93],"product_cat":[46],"product_tag":[],"variety":[108],"class_list":{"0":"post-2289","1":"product","2":"type-product","3":"status-publish","4":"has-post-thumbnail","6":"product_brand-kei-cutter-de","7":"product_cat-nicht-kategorisiert","8":"variety-machine-parts-for-inline-matches-de","9":"desktop-align-left","10":"tablet-align-left","11":"mobile-align-left","13":"first","14":"instock","15":"shipping-taxable","16":"product-type-simple"},"acf":[],"yoast_head":"<!-- This site is optimized with the Yoast SEO plugin v27.4 - https:\/\/yoast.com\/product\/yoast-seo-wordpress\/ -->\n<title>KEI Cutter Gummischneidmaschine | CNC Plotter f\u00fcr Stanzformenbau<\/title>\n<meta name=\"description\" content=\"KEI Cutter: CNC Gummischneidmaschine mit Plotfunktion f\u00fcr Stanzformenbau. Schneidet Gummi &amp; Schaum bis 50 mm (120 mm auf Anfrage) mit hoher Pr\u00e4zision &amp; Effizienz.\" \/>\n<meta name=\"robots\" content=\"index, follow, max-snippet:-1, max-image-preview:large, max-video-preview:-1\" \/>\n<link rel=\"canonical\" href=\"https:\/\/valleos.eu\/de\/produkt\/kei-schneider\/\" \/>\n<meta property=\"og:locale\" content=\"de_DE\" \/>\n<meta property=\"og:type\" content=\"article\" \/>\n<meta property=\"og:title\" content=\"KEI Cutter Gummischneidmaschine | CNC Plotter f\u00fcr Stanzformenbau\" \/>\n<meta property=\"og:description\" content=\"KEI Cutter: CNC Gummischneidmaschine mit Plotfunktion f\u00fcr Stanzformenbau. Schneidet Gummi &amp; Schaum bis 50 mm (120 mm auf Anfrage) mit hoher Pr\u00e4zision &amp; Effizienz.\" \/>\n<meta property=\"og:url\" content=\"https:\/\/valleos.eu\/de\/produkt\/kei-schneider\/\" \/>\n<meta property=\"og:site_name\" content=\"Valleos\" \/>\n<meta property=\"article:modified_time\" content=\"2026-02-20T11:44:48+00:00\" \/>\n<meta property=\"og:image\" content=\"https:\/\/valleos.eu\/wp-content\/uploads\/2025\/08\/KEI-cutter-image-1.webp\" \/>\n\t<meta property=\"og:image:width\" content=\"900\" \/>\n\t<meta property=\"og:image:height\" content=\"1028\" \/>\n\t<meta property=\"og:image:type\" content=\"image\/webp\" \/>\n<meta name=\"twitter:card\" content=\"summary_large_image\" \/>\n<script type=\"application\/ld+json\" class=\"yoast-schema-graph\">{\"@context\":\"https:\\\/\\\/schema.org\",\"@graph\":[{\"@type\":\"WebPage\",\"@id\":\"https:\\\/\\\/valleos.eu\\\/de\\\/produkt\\\/kei-schneider\\\/\",\"url\":\"https:\\\/\\\/valleos.eu\\\/de\\\/produkt\\\/kei-schneider\\\/\",\"name\":\"KEI Cutter Gummischneidmaschine | CNC Plotter f\u00fcr Stanzformenbau\",\"isPartOf\":{\"@id\":\"https:\\\/\\\/valleos.eu\\\/de\\\/#website\"},\"primaryImageOfPage\":{\"@id\":\"https:\\\/\\\/valleos.eu\\\/de\\\/produkt\\\/kei-schneider\\\/#primaryimage\"},\"image\":{\"@id\":\"https:\\\/\\\/valleos.eu\\\/de\\\/produkt\\\/kei-schneider\\\/#primaryimage\"},\"thumbnailUrl\":\"https:\\\/\\\/valleos.eu\\\/wp-content\\\/uploads\\\/2025\\\/08\\\/KEI-cutter-image-1.webp\",\"datePublished\":\"2025-08-26T08:33:00+00:00\",\"dateModified\":\"2026-02-20T11:44:48+00:00\",\"description\":\"KEI Cutter: CNC Gummischneidmaschine mit Plotfunktion f\u00fcr Stanzformenbau. Schneidet Gummi & Schaum bis 50 mm (120 mm auf Anfrage) mit hoher Pr\u00e4zision & Effizienz.\",\"breadcrumb\":{\"@id\":\"https:\\\/\\\/valleos.eu\\\/de\\\/produkt\\\/kei-schneider\\\/#breadcrumb\"},\"inLanguage\":\"de\",\"potentialAction\":[{\"@type\":\"ReadAction\",\"target\":[\"https:\\\/\\\/valleos.eu\\\/de\\\/produkt\\\/kei-schneider\\\/\"]}]},{\"@type\":\"ImageObject\",\"inLanguage\":\"de\",\"@id\":\"https:\\\/\\\/valleos.eu\\\/de\\\/produkt\\\/kei-schneider\\\/#primaryimage\",\"url\":\"https:\\\/\\\/valleos.eu\\\/wp-content\\\/uploads\\\/2025\\\/08\\\/KEI-cutter-image-1.webp\",\"contentUrl\":\"https:\\\/\\\/valleos.eu\\\/wp-content\\\/uploads\\\/2025\\\/08\\\/KEI-cutter-image-1.webp\",\"width\":900,\"height\":1028},{\"@type\":\"BreadcrumbList\",\"@id\":\"https:\\\/\\\/valleos.eu\\\/de\\\/produkt\\\/kei-schneider\\\/#breadcrumb\",\"itemListElement\":[{\"@type\":\"ListItem\",\"position\":1,\"name\":\"Home\",\"item\":\"https:\\\/\\\/valleos.eu\\\/de\\\/startseite\\\/\"},{\"@type\":\"ListItem\",\"position\":2,\"name\":\"Produkte\",\"item\":\"https:\\\/\\\/valleos.eu\\\/de\\\/shop\\\/\"},{\"@type\":\"ListItem\",\"position\":3,\"name\":\"KEI-Schneider\"}]},{\"@type\":\"WebSite\",\"@id\":\"https:\\\/\\\/valleos.eu\\\/de\\\/#website\",\"url\":\"https:\\\/\\\/valleos.eu\\\/de\\\/\",\"name\":\"Valleos\",\"description\":\"\",\"potentialAction\":[{\"@type\":\"SearchAction\",\"target\":{\"@type\":\"EntryPoint\",\"urlTemplate\":\"https:\\\/\\\/valleos.eu\\\/de\\\/?s={search_term_string}\"},\"query-input\":{\"@type\":\"PropertyValueSpecification\",\"valueRequired\":true,\"valueName\":\"search_term_string\"}}],\"inLanguage\":\"de\"}]}<\/script>\n<!-- \/ Yoast SEO plugin. -->","yoast_head_json":{"title":"KEI Cutter Gummischneidmaschine | CNC Plotter f\u00fcr Stanzformenbau","description":"KEI Cutter: CNC Gummischneidmaschine mit Plotfunktion f\u00fcr Stanzformenbau. Schneidet Gummi & Schaum bis 50 mm (120 mm auf Anfrage) mit hoher Pr\u00e4zision & Effizienz.","robots":{"index":"index","follow":"follow","max-snippet":"max-snippet:-1","max-image-preview":"max-image-preview:large","max-video-preview":"max-video-preview:-1"},"canonical":"https:\/\/valleos.eu\/de\/produkt\/kei-schneider\/","og_locale":"de_DE","og_type":"article","og_title":"KEI Cutter Gummischneidmaschine | CNC Plotter f\u00fcr Stanzformenbau","og_description":"KEI Cutter: CNC Gummischneidmaschine mit Plotfunktion f\u00fcr Stanzformenbau. Schneidet Gummi & Schaum bis 50 mm (120 mm auf Anfrage) mit hoher Pr\u00e4zision & Effizienz.","og_url":"https:\/\/valleos.eu\/de\/produkt\/kei-schneider\/","og_site_name":"Valleos","article_modified_time":"2026-02-20T11:44:48+00:00","og_image":[{"width":900,"height":1028,"url":"https:\/\/valleos.eu\/wp-content\/uploads\/2025\/08\/KEI-cutter-image-1.webp","type":"image\/webp"}],"twitter_card":"summary_large_image","schema":{"@context":"https:\/\/schema.org","@graph":[{"@type":"WebPage","@id":"https:\/\/valleos.eu\/de\/produkt\/kei-schneider\/","url":"https:\/\/valleos.eu\/de\/produkt\/kei-schneider\/","name":"KEI Cutter Gummischneidmaschine | CNC Plotter f\u00fcr Stanzformenbau","isPartOf":{"@id":"https:\/\/valleos.eu\/de\/#website"},"primaryImageOfPage":{"@id":"https:\/\/valleos.eu\/de\/produkt\/kei-schneider\/#primaryimage"},"image":{"@id":"https:\/\/valleos.eu\/de\/produkt\/kei-schneider\/#primaryimage"},"thumbnailUrl":"https:\/\/valleos.eu\/wp-content\/uploads\/2025\/08\/KEI-cutter-image-1.webp","datePublished":"2025-08-26T08:33:00+00:00","dateModified":"2026-02-20T11:44:48+00:00","description":"KEI Cutter: CNC Gummischneidmaschine mit Plotfunktion f\u00fcr Stanzformenbau. Schneidet Gummi & Schaum bis 50 mm (120 mm auf Anfrage) mit hoher Pr\u00e4zision & Effizienz.","breadcrumb":{"@id":"https:\/\/valleos.eu\/de\/produkt\/kei-schneider\/#breadcrumb"},"inLanguage":"de","potentialAction":[{"@type":"ReadAction","target":["https:\/\/valleos.eu\/de\/produkt\/kei-schneider\/"]}]},{"@type":"ImageObject","inLanguage":"de","@id":"https:\/\/valleos.eu\/de\/produkt\/kei-schneider\/#primaryimage","url":"https:\/\/valleos.eu\/wp-content\/uploads\/2025\/08\/KEI-cutter-image-1.webp","contentUrl":"https:\/\/valleos.eu\/wp-content\/uploads\/2025\/08\/KEI-cutter-image-1.webp","width":900,"height":1028},{"@type":"BreadcrumbList","@id":"https:\/\/valleos.eu\/de\/produkt\/kei-schneider\/#breadcrumb","itemListElement":[{"@type":"ListItem","position":1,"name":"Home","item":"https:\/\/valleos.eu\/de\/startseite\/"},{"@type":"ListItem","position":2,"name":"Produkte","item":"https:\/\/valleos.eu\/de\/shop\/"},{"@type":"ListItem","position":3,"name":"KEI-Schneider"}]},{"@type":"WebSite","@id":"https:\/\/valleos.eu\/de\/#website","url":"https:\/\/valleos.eu\/de\/","name":"Valleos","description":"","potentialAction":[{"@type":"SearchAction","target":{"@type":"EntryPoint","urlTemplate":"https:\/\/valleos.eu\/de\/?s={search_term_string}"},"query-input":{"@type":"PropertyValueSpecification","valueRequired":true,"valueName":"search_term_string"}}],"inLanguage":"de"}]}},"_links":{"self":[{"href":"https:\/\/valleos.eu\/de\/wp-json\/wp\/v2\/product\/2289","targetHints":{"allow":["GET"]}}],"collection":[{"href":"https:\/\/valleos.eu\/de\/wp-json\/wp\/v2\/product"}],"about":[{"href":"https:\/\/valleos.eu\/de\/wp-json\/wp\/v2\/types\/product"}],"replies":[{"embeddable":true,"href":"https:\/\/valleos.eu\/de\/wp-json\/wp\/v2\/comments?post=2289"}],"wp:featuredmedia":[{"embeddable":true,"href":"https:\/\/valleos.eu\/de\/wp-json\/wp\/v2\/media\/2116"}],"wp:attachment":[{"href":"https:\/\/valleos.eu\/de\/wp-json\/wp\/v2\/media?parent=2289"}],"wp:term":[{"taxonomy":"product_brand","embeddable":true,"href":"https:\/\/valleos.eu\/de\/wp-json\/wp\/v2\/product_brand?post=2289"},{"taxonomy":"product_cat","embeddable":true,"href":"https:\/\/valleos.eu\/de\/wp-json\/wp\/v2\/product_cat?post=2289"},{"taxonomy":"product_tag","embeddable":true,"href":"https:\/\/valleos.eu\/de\/wp-json\/wp\/v2\/product_tag?post=2289"},{"taxonomy":"variety","embeddable":true,"href":"https:\/\/valleos.eu\/de\/wp-json\/wp\/v2\/variety?post=2289"}],"curies":[{"name":"wp","href":"https:\/\/api.w.org\/{rel}","templated":true}]}}