{"id":2298,"date":"2025-08-26T10:04:08","date_gmt":"2025-08-26T10:04:08","guid":{"rendered":"https:\/\/valleos.eu\/product\/kei-universal\/"},"modified":"2026-02-20T11:52:07","modified_gmt":"2026-02-20T11:52:07","slug":"kei-universal","status":"publish","type":"product","link":"https:\/\/valleos.eu\/de\/produkt\/kei-universal\/","title":{"rendered":"KEI Universal"},"content":{"rendered":"<p>Die <strong>KEI Universal<\/strong> ist die ideale L\u00f6sung f\u00fcr <strong>Stanzformenbau, Werbetechnik und CNC-Bearbeitung<\/strong>, mit optimaler Kombination aus Leistung und Flexibilit\u00e4t. Mit einer leistungsstarken <strong>3 kW Spindel mit 40.000 U\/min<\/strong> erm\u00f6glicht sie schnelle, pr\u00e4zise und hochwertige Bearbeitung verschiedenster Materialien. <\/p>\n<p>Dank zahlreicher Anpassungsoptionen passt sich die KEI Universal jeder Produktionsanforderung an:<\/p>\n<ul>\n<li><strong>Pneumatisch oszillierender Kopf<\/strong> zum Schneiden von Gummi, Schaum, Forex, Karton und mehr.<\/li>\n<li><strong>Rillkopf<\/strong> f\u00fcr pr\u00e4zise Rillarbeiten.<\/li>\n<li><strong>Z-Achse bis 200 mm Hub<\/strong>, ideal f\u00fcr Schaumverarbeitung mit Fr\u00e4swerkzeugen.<\/li>\n<li>Geeignet f\u00fcr<strong> Stanzform-Sandwiches und Stripping-Elemente<\/strong>, f\u00fcr noch mehr Anwendungen.<\/li>\n<\/ul>\n<p>Erh\u00e4ltlich in verschiedenen Gr\u00f6\u00dfen, von kompakt <strong>1212<\/strong> bis gro\u00df <strong>3020<\/strong>, f\u00fcr jede Produktionsumgebung.<\/p>\n<p>Eine einzigartige Kombination aus<strong> Leistung, Pr\u00e4zision und Vielseitigkeit<\/strong> \u2013 selten auf dem Markt und zu einem sehr attraktiven Preis.<\/p>\n","protected":false},"excerpt":{"rendered":"<p>Die KEI Universal ist die ideale L\u00f6sung f\u00fcr Stanzformenbau, Werbetechnik und CNC-Bearbeitung, mit optimaler Kombination aus Leistung und Flexibilit\u00e4t. Mit [&hellip;]<\/p>\n","protected":false},"featured_media":2168,"comment_status":"open","ping_status":"closed","template":"","meta":{"_acf_changed":false,"site-sidebar-layout":"default","site-content-layout":"","ast-site-content-layout":"default","site-content-style":"default","site-sidebar-style":"default","ast-global-header-display":"","ast-banner-title-visibility":"","ast-main-header-display":"","ast-hfb-above-header-display":"","ast-hfb-below-header-display":"","ast-hfb-mobile-header-display":"","site-post-title":"","ast-breadcrumbs-content":"","ast-featured-img":"","footer-sml-layout":"","ast-disable-related-posts":"","theme-transparent-header-meta":"default","adv-header-id-meta":"","stick-header-meta":"","header-above-stick-meta":"","header-main-stick-meta":"","header-below-stick-meta":"","astra-migrate-meta-layouts":"set","ast-page-background-enabled":"default","ast-page-background-meta":{"desktop":{"background-color":"var(--ast-global-color-5)","background-image":"","background-repeat":"repeat","background-position":"center center","background-size":"auto","background-attachment":"scroll","background-type":"","background-media":"","overlay-type":"","overlay-color":"","overlay-opacity":"","overlay-gradient":""},"tablet":{"background-color":"","background-image":"","background-repeat":"repeat","background-position":"center center","background-size":"auto","background-attachment":"scroll","background-type":"","background-media":"","overlay-type":"","overlay-color":"","overlay-opacity":"","overlay-gradient":""},"mobile":{"background-color":"","background-image":"","background-repeat":"repeat","background-position":"center center","background-size":"auto","background-attachment":"scroll","background-type":"","background-media":"","overlay-type":"","overlay-color":"","overlay-opacity":"","overlay-gradient":""}},"ast-content-background-meta":{"desktop":{"background-color":"var(--ast-global-color-4)","background-image":"","background-repeat":"repeat","background-position":"center center","background-size":"auto","background-attachment":"scroll","background-type":"","background-media":"","overlay-type":"","overlay-color":"","overlay-opacity":"","overlay-gradient":""},"tablet":{"background-color":"var(--ast-global-color-4)","background-image":"","background-repeat":"repeat","background-position":"center center","background-size":"auto","background-attachment":"scroll","background-type":"","background-media":"","overlay-type":"","overlay-color":"","overlay-opacity":"","overlay-gradient":""},"mobile":{"background-color":"var(--ast-global-color-4)","background-image":"","background-repeat":"repeat","background-position":"center center","background-size":"auto","background-attachment":"scroll","background-type":"","background-media":"","overlay-type":"","overlay-color":"","overlay-opacity":"","overlay-gradient":""}}},"product_brand":[102],"product_cat":[46],"product_tag":[],"variety":[],"class_list":{"0":"post-2298","1":"product","2":"type-product","3":"status-publish","4":"has-post-thumbnail","6":"product_brand-kei-universal-de","7":"product_cat-nicht-kategorisiert","8":"desktop-align-left","9":"tablet-align-left","10":"mobile-align-left","12":"first","13":"instock","14":"shipping-taxable","15":"product-type-simple"},"acf":[],"yoast_head":"<!-- This site is optimized with the Yoast SEO plugin v27.4 - https:\/\/yoast.com\/product\/yoast-seo-wordpress\/ -->\n<title>KEI Universal CNC Fr\u00e4smaschine | Vielseitig &amp; Pr\u00e4zise Schneiden<\/title>\n<meta name=\"description\" content=\"KEI Universal: vielseitige CNC Fr\u00e4smaschine f\u00fcr Stanzformenbau, Werbetechnik, Gummi, Schaumstoff &amp; Verpackungen. 3 kW Spindel, 40.000 U\/min, Oszillier- &amp; Rillkopf, 200 mm Z-Achse.\" \/>\n<meta name=\"robots\" content=\"index, follow, max-snippet:-1, max-image-preview:large, max-video-preview:-1\" \/>\n<link rel=\"canonical\" href=\"https:\/\/valleos.eu\/de\/produkt\/kei-universal\/\" \/>\n<meta property=\"og:locale\" content=\"de_DE\" \/>\n<meta property=\"og:type\" content=\"article\" \/>\n<meta property=\"og:title\" content=\"KEI Universal CNC Fr\u00e4smaschine | Vielseitig &amp; Pr\u00e4zise Schneiden\" \/>\n<meta property=\"og:description\" content=\"KEI Universal: vielseitige CNC Fr\u00e4smaschine f\u00fcr Stanzformenbau, Werbetechnik, Gummi, Schaumstoff &amp; Verpackungen. 3 kW Spindel, 40.000 U\/min, Oszillier- &amp; Rillkopf, 200 mm Z-Achse.\" \/>\n<meta property=\"og:url\" content=\"https:\/\/valleos.eu\/de\/produkt\/kei-universal\/\" \/>\n<meta property=\"og:site_name\" content=\"Valleos\" \/>\n<meta property=\"article:modified_time\" content=\"2026-02-20T11:52:07+00:00\" \/>\n<meta property=\"og:image\" content=\"https:\/\/valleos.eu\/wp-content\/uploads\/2025\/08\/KEI-UNIVERSAL-image-1.webp\" \/>\n\t<meta property=\"og:image:width\" content=\"900\" \/>\n\t<meta property=\"og:image:height\" content=\"1028\" \/>\n\t<meta property=\"og:image:type\" content=\"image\/webp\" \/>\n<meta name=\"twitter:card\" content=\"summary_large_image\" \/>\n<meta name=\"twitter:label1\" content=\"Gesch\u00e4tzte Lesezeit\" \/>\n\t<meta name=\"twitter:data1\" content=\"1\u00a0Minute\" \/>\n<script type=\"application\/ld+json\" class=\"yoast-schema-graph\">{\"@context\":\"https:\\\/\\\/schema.org\",\"@graph\":[{\"@type\":\"WebPage\",\"@id\":\"https:\\\/\\\/valleos.eu\\\/de\\\/produkt\\\/kei-universal\\\/\",\"url\":\"https:\\\/\\\/valleos.eu\\\/de\\\/produkt\\\/kei-universal\\\/\",\"name\":\"KEI Universal CNC Fr\u00e4smaschine | Vielseitig & Pr\u00e4zise Schneiden\",\"isPartOf\":{\"@id\":\"https:\\\/\\\/valleos.eu\\\/de\\\/#website\"},\"primaryImageOfPage\":{\"@id\":\"https:\\\/\\\/valleos.eu\\\/de\\\/produkt\\\/kei-universal\\\/#primaryimage\"},\"image\":{\"@id\":\"https:\\\/\\\/valleos.eu\\\/de\\\/produkt\\\/kei-universal\\\/#primaryimage\"},\"thumbnailUrl\":\"https:\\\/\\\/valleos.eu\\\/wp-content\\\/uploads\\\/2025\\\/08\\\/KEI-UNIVERSAL-image-1.webp\",\"datePublished\":\"2025-08-26T10:04:08+00:00\",\"dateModified\":\"2026-02-20T11:52:07+00:00\",\"description\":\"KEI Universal: vielseitige CNC Fr\u00e4smaschine f\u00fcr Stanzformenbau, Werbetechnik, Gummi, Schaumstoff & Verpackungen. 3 kW Spindel, 40.000 U\\\/min, Oszillier- & Rillkopf, 200 mm Z-Achse.\",\"breadcrumb\":{\"@id\":\"https:\\\/\\\/valleos.eu\\\/de\\\/produkt\\\/kei-universal\\\/#breadcrumb\"},\"inLanguage\":\"de\",\"potentialAction\":[{\"@type\":\"ReadAction\",\"target\":[\"https:\\\/\\\/valleos.eu\\\/de\\\/produkt\\\/kei-universal\\\/\"]}]},{\"@type\":\"ImageObject\",\"inLanguage\":\"de\",\"@id\":\"https:\\\/\\\/valleos.eu\\\/de\\\/produkt\\\/kei-universal\\\/#primaryimage\",\"url\":\"https:\\\/\\\/valleos.eu\\\/wp-content\\\/uploads\\\/2025\\\/08\\\/KEI-UNIVERSAL-image-1.webp\",\"contentUrl\":\"https:\\\/\\\/valleos.eu\\\/wp-content\\\/uploads\\\/2025\\\/08\\\/KEI-UNIVERSAL-image-1.webp\",\"width\":900,\"height\":1028},{\"@type\":\"BreadcrumbList\",\"@id\":\"https:\\\/\\\/valleos.eu\\\/de\\\/produkt\\\/kei-universal\\\/#breadcrumb\",\"itemListElement\":[{\"@type\":\"ListItem\",\"position\":1,\"name\":\"Home\",\"item\":\"https:\\\/\\\/valleos.eu\\\/de\\\/startseite\\\/\"},{\"@type\":\"ListItem\",\"position\":2,\"name\":\"Produkte\",\"item\":\"https:\\\/\\\/valleos.eu\\\/de\\\/shop\\\/\"},{\"@type\":\"ListItem\",\"position\":3,\"name\":\"KEI Universal\"}]},{\"@type\":\"WebSite\",\"@id\":\"https:\\\/\\\/valleos.eu\\\/de\\\/#website\",\"url\":\"https:\\\/\\\/valleos.eu\\\/de\\\/\",\"name\":\"Valleos\",\"description\":\"\",\"potentialAction\":[{\"@type\":\"SearchAction\",\"target\":{\"@type\":\"EntryPoint\",\"urlTemplate\":\"https:\\\/\\\/valleos.eu\\\/de\\\/?s={search_term_string}\"},\"query-input\":{\"@type\":\"PropertyValueSpecification\",\"valueRequired\":true,\"valueName\":\"search_term_string\"}}],\"inLanguage\":\"de\"}]}<\/script>\n<!-- \/ Yoast SEO plugin. -->","yoast_head_json":{"title":"KEI Universal CNC Fr\u00e4smaschine | Vielseitig & Pr\u00e4zise Schneiden","description":"KEI Universal: vielseitige CNC Fr\u00e4smaschine f\u00fcr Stanzformenbau, Werbetechnik, Gummi, Schaumstoff & Verpackungen. 3 kW Spindel, 40.000 U\/min, Oszillier- & Rillkopf, 200 mm Z-Achse.","robots":{"index":"index","follow":"follow","max-snippet":"max-snippet:-1","max-image-preview":"max-image-preview:large","max-video-preview":"max-video-preview:-1"},"canonical":"https:\/\/valleos.eu\/de\/produkt\/kei-universal\/","og_locale":"de_DE","og_type":"article","og_title":"KEI Universal CNC Fr\u00e4smaschine | Vielseitig & Pr\u00e4zise Schneiden","og_description":"KEI Universal: vielseitige CNC Fr\u00e4smaschine f\u00fcr Stanzformenbau, Werbetechnik, Gummi, Schaumstoff & Verpackungen. 3 kW Spindel, 40.000 U\/min, Oszillier- & Rillkopf, 200 mm Z-Achse.","og_url":"https:\/\/valleos.eu\/de\/produkt\/kei-universal\/","og_site_name":"Valleos","article_modified_time":"2026-02-20T11:52:07+00:00","og_image":[{"width":900,"height":1028,"url":"https:\/\/valleos.eu\/wp-content\/uploads\/2025\/08\/KEI-UNIVERSAL-image-1.webp","type":"image\/webp"}],"twitter_card":"summary_large_image","twitter_misc":{"Gesch\u00e4tzte Lesezeit":"1\u00a0Minute"},"schema":{"@context":"https:\/\/schema.org","@graph":[{"@type":"WebPage","@id":"https:\/\/valleos.eu\/de\/produkt\/kei-universal\/","url":"https:\/\/valleos.eu\/de\/produkt\/kei-universal\/","name":"KEI Universal CNC Fr\u00e4smaschine | Vielseitig & Pr\u00e4zise Schneiden","isPartOf":{"@id":"https:\/\/valleos.eu\/de\/#website"},"primaryImageOfPage":{"@id":"https:\/\/valleos.eu\/de\/produkt\/kei-universal\/#primaryimage"},"image":{"@id":"https:\/\/valleos.eu\/de\/produkt\/kei-universal\/#primaryimage"},"thumbnailUrl":"https:\/\/valleos.eu\/wp-content\/uploads\/2025\/08\/KEI-UNIVERSAL-image-1.webp","datePublished":"2025-08-26T10:04:08+00:00","dateModified":"2026-02-20T11:52:07+00:00","description":"KEI Universal: vielseitige CNC Fr\u00e4smaschine f\u00fcr Stanzformenbau, Werbetechnik, Gummi, Schaumstoff & Verpackungen. 3 kW Spindel, 40.000 U\/min, Oszillier- & Rillkopf, 200 mm Z-Achse.","breadcrumb":{"@id":"https:\/\/valleos.eu\/de\/produkt\/kei-universal\/#breadcrumb"},"inLanguage":"de","potentialAction":[{"@type":"ReadAction","target":["https:\/\/valleos.eu\/de\/produkt\/kei-universal\/"]}]},{"@type":"ImageObject","inLanguage":"de","@id":"https:\/\/valleos.eu\/de\/produkt\/kei-universal\/#primaryimage","url":"https:\/\/valleos.eu\/wp-content\/uploads\/2025\/08\/KEI-UNIVERSAL-image-1.webp","contentUrl":"https:\/\/valleos.eu\/wp-content\/uploads\/2025\/08\/KEI-UNIVERSAL-image-1.webp","width":900,"height":1028},{"@type":"BreadcrumbList","@id":"https:\/\/valleos.eu\/de\/produkt\/kei-universal\/#breadcrumb","itemListElement":[{"@type":"ListItem","position":1,"name":"Home","item":"https:\/\/valleos.eu\/de\/startseite\/"},{"@type":"ListItem","position":2,"name":"Produkte","item":"https:\/\/valleos.eu\/de\/shop\/"},{"@type":"ListItem","position":3,"name":"KEI Universal"}]},{"@type":"WebSite","@id":"https:\/\/valleos.eu\/de\/#website","url":"https:\/\/valleos.eu\/de\/","name":"Valleos","description":"","potentialAction":[{"@type":"SearchAction","target":{"@type":"EntryPoint","urlTemplate":"https:\/\/valleos.eu\/de\/?s={search_term_string}"},"query-input":{"@type":"PropertyValueSpecification","valueRequired":true,"valueName":"search_term_string"}}],"inLanguage":"de"}]}},"_links":{"self":[{"href":"https:\/\/valleos.eu\/de\/wp-json\/wp\/v2\/product\/2298","targetHints":{"allow":["GET"]}}],"collection":[{"href":"https:\/\/valleos.eu\/de\/wp-json\/wp\/v2\/product"}],"about":[{"href":"https:\/\/valleos.eu\/de\/wp-json\/wp\/v2\/types\/product"}],"replies":[{"embeddable":true,"href":"https:\/\/valleos.eu\/de\/wp-json\/wp\/v2\/comments?post=2298"}],"wp:featuredmedia":[{"embeddable":true,"href":"https:\/\/valleos.eu\/de\/wp-json\/wp\/v2\/media\/2168"}],"wp:attachment":[{"href":"https:\/\/valleos.eu\/de\/wp-json\/wp\/v2\/media?parent=2298"}],"wp:term":[{"taxonomy":"product_brand","embeddable":true,"href":"https:\/\/valleos.eu\/de\/wp-json\/wp\/v2\/product_brand?post=2298"},{"taxonomy":"product_cat","embeddable":true,"href":"https:\/\/valleos.eu\/de\/wp-json\/wp\/v2\/product_cat?post=2298"},{"taxonomy":"product_tag","embeddable":true,"href":"https:\/\/valleos.eu\/de\/wp-json\/wp\/v2\/product_tag?post=2298"},{"taxonomy":"variety","embeddable":true,"href":"https:\/\/valleos.eu\/de\/wp-json\/wp\/v2\/variety?post=2298"}],"curies":[{"name":"wp","href":"https:\/\/api.w.org\/{rel}","templated":true}]}}