{"id":2301,"date":"2025-05-13T06:19:12","date_gmt":"2025-05-13T06:19:12","guid":{"rendered":"https:\/\/valleos.eu\/product\/cartec\/"},"modified":"2025-10-03T13:51:54","modified_gmt":"2025-10-03T13:51:54","slug":"cartec","status":"publish","type":"product","link":"https:\/\/valleos.eu\/de\/produkt\/cartec\/","title":{"rendered":"Cartec"},"content":{"rendered":"<p><strong>CARTEC<\/strong> ist ein in Frankreich ans\u00e4ssiger Maschinenhersteller, gegr\u00fcndet im Jahr 1982. Das Unternehmen produziert <strong>neue, komplette Inline-Anlagen<\/strong>, die \u00e4u\u00dferst robust und kosteng\u00fcnstig sind, sowie <strong>Retrofits<\/strong> f\u00fcr bestehende Maschinen verschiedener Marken. <\/p>\n<p><strong>NEUE INLINE-MASCHINEN<\/strong> (Flexo \/ Slotter \/ RDC \/ Falter \/ Kleber \/ Stapler)<br \/>\nUnsere Serie von kompletten Inline-Maschinen umfasst folgende Formate:<br \/>\n718 \/ 922 \/ 1324 \/ 1330 \/ 1532 \/ 1641 \/ 1848 \/ 1936<\/p>\n<p><strong>RETROFITS<\/strong><br \/>\nWarum in eine komplett neue Maschine investieren, wenn der Austausch von nur ein oder zwei Elementen Ihre Maschine bereits auf den heutigen Standard bringt?<\/p>\n<ul>\n<li>Anleger<\/li>\n<li>Druckwerke<\/li>\n<li>Slotter<\/li>\n<li>Stanzwerke<\/li>\n<li>Falter\/Kleber<\/li>\n<li>Z\u00e4hl- und Auswerfer<\/li>\n<li>Paletizers<\/li>\n<li>Etc.<\/li>\n<\/ul>\n<p><strong>CARTEC bietet:<\/strong><\/p>\n<ul>\n<li>\u00dcber 40 Jahre Erfahrung<\/li>\n<li>Robuste Pr\u00e4zisionstechnik und wartungsarme Maschinen<\/li>\n<li>Geringen CO\u2082-Fu\u00dfabdruck durch sorgf\u00e4ltig ausgew\u00e4hlte Komponenten<\/li>\n<li>Lokale Produktion<\/li>\n<\/ul>\n<p>Kontaktieren Sie uns f\u00fcr komplette Neuanlagen oder Retrofit-L\u00f6sungen.<\/p>\n","protected":false},"excerpt":{"rendered":"<p>CARTEC ist ein in Frankreich ans\u00e4ssiger Maschinenhersteller, gegr\u00fcndet im Jahr 1982. Das Unternehmen produziert neue, komplette Inline-Anlagen, die \u00e4u\u00dferst robust [&hellip;]<\/p>\n","protected":false},"featured_media":2405,"comment_status":"open","ping_status":"closed","template":"","meta":{"_acf_changed":false,"site-sidebar-layout":"default","site-content-layout":"","ast-site-content-layout":"default","site-content-style":"default","site-sidebar-style":"default","ast-global-header-display":"","ast-banner-title-visibility":"","ast-main-header-display":"","ast-hfb-above-header-display":"","ast-hfb-below-header-display":"","ast-hfb-mobile-header-display":"","site-post-title":"","ast-breadcrumbs-content":"","ast-featured-img":"","footer-sml-layout":"","ast-disable-related-posts":"","theme-transparent-header-meta":"default","adv-header-id-meta":"","stick-header-meta":"","header-above-stick-meta":"","header-main-stick-meta":"","header-below-stick-meta":"","astra-migrate-meta-layouts":"default","ast-page-background-enabled":"default","ast-page-background-meta":{"desktop":{"background-color":"var(--ast-global-color-5)","background-image":"","background-repeat":"repeat","background-position":"center center","background-size":"auto","background-attachment":"scroll","background-type":"","background-media":"","overlay-type":"","overlay-color":"","overlay-opacity":"","overlay-gradient":""},"tablet":{"background-color":"","background-image":"","background-repeat":"repeat","background-position":"center center","background-size":"auto","background-attachment":"scroll","background-type":"","background-media":"","overlay-type":"","overlay-color":"","overlay-opacity":"","overlay-gradient":""},"mobile":{"background-color":"","background-image":"","background-repeat":"repeat","background-position":"center center","background-size":"auto","background-attachment":"scroll","background-type":"","background-media":"","overlay-type":"","overlay-color":"","overlay-opacity":"","overlay-gradient":""}},"ast-content-background-meta":{"desktop":{"background-color":"var(--ast-global-color-4)","background-image":"","background-repeat":"repeat","background-position":"center center","background-size":"auto","background-attachment":"scroll","background-type":"","background-media":"","overlay-type":"","overlay-color":"","overlay-opacity":"","overlay-gradient":""},"tablet":{"background-color":"var(--ast-global-color-4)","background-image":"","background-repeat":"repeat","background-position":"center center","background-size":"auto","background-attachment":"scroll","background-type":"","background-media":"","overlay-type":"","overlay-color":"","overlay-opacity":"","overlay-gradient":""},"mobile":{"background-color":"var(--ast-global-color-4)","background-image":"","background-repeat":"repeat","background-position":"center center","background-size":"auto","background-attachment":"scroll","background-type":"","background-media":"","overlay-type":"","overlay-color":"","overlay-opacity":"","overlay-gradient":""}}},"product_brand":[72],"product_cat":[46],"product_tag":[],"variety":[108],"class_list":{"0":"post-2301","1":"product","2":"type-product","3":"status-publish","4":"has-post-thumbnail","6":"product_brand-cartec-de","7":"product_cat-nicht-kategorisiert","8":"variety-machine-parts-for-inline-matches-de","9":"desktop-align-left","10":"tablet-align-left","11":"mobile-align-left","13":"first","14":"instock","15":"shipping-taxable","16":"product-type-simple"},"acf":[],"yoast_head":"<!-- This site is optimized with the Yoast SEO plugin v27.4 - https:\/\/yoast.com\/product\/yoast-seo-wordpress\/ -->\n<title>Cartec - Valleos<\/title>\n<meta name=\"robots\" content=\"index, follow, max-snippet:-1, max-image-preview:large, max-video-preview:-1\" \/>\n<link rel=\"canonical\" href=\"https:\/\/valleos.eu\/de\/produkt\/cartec\/\" \/>\n<meta property=\"og:locale\" content=\"de_DE\" \/>\n<meta property=\"og:type\" content=\"article\" \/>\n<meta property=\"og:title\" content=\"Cartec - Valleos\" \/>\n<meta property=\"og:description\" content=\"CARTEC ist ein in Frankreich ans\u00e4ssiger Maschinenhersteller, gegr\u00fcndet im Jahr 1982. Das Unternehmen produziert neue, komplette Inline-Anlagen, die \u00e4u\u00dferst robust [&hellip;]\" \/>\n<meta property=\"og:url\" content=\"https:\/\/valleos.eu\/de\/produkt\/cartec\/\" \/>\n<meta property=\"og:site_name\" content=\"Valleos\" \/>\n<meta property=\"article:modified_time\" content=\"2025-10-03T13:51:54+00:00\" \/>\n<meta property=\"og:image\" content=\"https:\/\/valleos.eu\/wp-content\/uploads\/2025\/05\/cartec-1.webp\" \/>\n\t<meta property=\"og:image:width\" content=\"600\" \/>\n\t<meta property=\"og:image:height\" content=\"686\" \/>\n\t<meta property=\"og:image:type\" content=\"image\/webp\" \/>\n<meta name=\"twitter:card\" content=\"summary_large_image\" \/>\n<meta name=\"twitter:label1\" content=\"Gesch\u00e4tzte Lesezeit\" \/>\n\t<meta name=\"twitter:data1\" content=\"1\u00a0Minute\" \/>\n<script type=\"application\/ld+json\" class=\"yoast-schema-graph\">{\"@context\":\"https:\\\/\\\/schema.org\",\"@graph\":[{\"@type\":\"WebPage\",\"@id\":\"https:\\\/\\\/valleos.eu\\\/de\\\/produkt\\\/cartec\\\/\",\"url\":\"https:\\\/\\\/valleos.eu\\\/de\\\/produkt\\\/cartec\\\/\",\"name\":\"Cartec - Valleos\",\"isPartOf\":{\"@id\":\"https:\\\/\\\/valleos.eu\\\/de\\\/#website\"},\"primaryImageOfPage\":{\"@id\":\"https:\\\/\\\/valleos.eu\\\/de\\\/produkt\\\/cartec\\\/#primaryimage\"},\"image\":{\"@id\":\"https:\\\/\\\/valleos.eu\\\/de\\\/produkt\\\/cartec\\\/#primaryimage\"},\"thumbnailUrl\":\"https:\\\/\\\/valleos.eu\\\/wp-content\\\/uploads\\\/2025\\\/05\\\/cartec-1.webp\",\"datePublished\":\"2025-05-13T06:19:12+00:00\",\"dateModified\":\"2025-10-03T13:51:54+00:00\",\"breadcrumb\":{\"@id\":\"https:\\\/\\\/valleos.eu\\\/de\\\/produkt\\\/cartec\\\/#breadcrumb\"},\"inLanguage\":\"de\",\"potentialAction\":[{\"@type\":\"ReadAction\",\"target\":[\"https:\\\/\\\/valleos.eu\\\/de\\\/produkt\\\/cartec\\\/\"]}]},{\"@type\":\"ImageObject\",\"inLanguage\":\"de\",\"@id\":\"https:\\\/\\\/valleos.eu\\\/de\\\/produkt\\\/cartec\\\/#primaryimage\",\"url\":\"https:\\\/\\\/valleos.eu\\\/wp-content\\\/uploads\\\/2025\\\/05\\\/cartec-1.webp\",\"contentUrl\":\"https:\\\/\\\/valleos.eu\\\/wp-content\\\/uploads\\\/2025\\\/05\\\/cartec-1.webp\",\"width\":600,\"height\":686},{\"@type\":\"BreadcrumbList\",\"@id\":\"https:\\\/\\\/valleos.eu\\\/de\\\/produkt\\\/cartec\\\/#breadcrumb\",\"itemListElement\":[{\"@type\":\"ListItem\",\"position\":1,\"name\":\"Home\",\"item\":\"https:\\\/\\\/valleos.eu\\\/de\\\/startseite\\\/\"},{\"@type\":\"ListItem\",\"position\":2,\"name\":\"Produkte\",\"item\":\"https:\\\/\\\/valleos.eu\\\/de\\\/shop\\\/\"},{\"@type\":\"ListItem\",\"position\":3,\"name\":\"Cartec\"}]},{\"@type\":\"WebSite\",\"@id\":\"https:\\\/\\\/valleos.eu\\\/de\\\/#website\",\"url\":\"https:\\\/\\\/valleos.eu\\\/de\\\/\",\"name\":\"Valleos\",\"description\":\"\",\"potentialAction\":[{\"@type\":\"SearchAction\",\"target\":{\"@type\":\"EntryPoint\",\"urlTemplate\":\"https:\\\/\\\/valleos.eu\\\/de\\\/?s={search_term_string}\"},\"query-input\":{\"@type\":\"PropertyValueSpecification\",\"valueRequired\":true,\"valueName\":\"search_term_string\"}}],\"inLanguage\":\"de\"}]}<\/script>\n<!-- \/ Yoast SEO plugin. -->","yoast_head_json":{"title":"Cartec - Valleos","robots":{"index":"index","follow":"follow","max-snippet":"max-snippet:-1","max-image-preview":"max-image-preview:large","max-video-preview":"max-video-preview:-1"},"canonical":"https:\/\/valleos.eu\/de\/produkt\/cartec\/","og_locale":"de_DE","og_type":"article","og_title":"Cartec - Valleos","og_description":"CARTEC ist ein in Frankreich ans\u00e4ssiger Maschinenhersteller, gegr\u00fcndet im Jahr 1982. Das Unternehmen produziert neue, komplette Inline-Anlagen, die \u00e4u\u00dferst robust [&hellip;]","og_url":"https:\/\/valleos.eu\/de\/produkt\/cartec\/","og_site_name":"Valleos","article_modified_time":"2025-10-03T13:51:54+00:00","og_image":[{"width":600,"height":686,"url":"https:\/\/valleos.eu\/wp-content\/uploads\/2025\/05\/cartec-1.webp","type":"image\/webp"}],"twitter_card":"summary_large_image","twitter_misc":{"Gesch\u00e4tzte Lesezeit":"1\u00a0Minute"},"schema":{"@context":"https:\/\/schema.org","@graph":[{"@type":"WebPage","@id":"https:\/\/valleos.eu\/de\/produkt\/cartec\/","url":"https:\/\/valleos.eu\/de\/produkt\/cartec\/","name":"Cartec - Valleos","isPartOf":{"@id":"https:\/\/valleos.eu\/de\/#website"},"primaryImageOfPage":{"@id":"https:\/\/valleos.eu\/de\/produkt\/cartec\/#primaryimage"},"image":{"@id":"https:\/\/valleos.eu\/de\/produkt\/cartec\/#primaryimage"},"thumbnailUrl":"https:\/\/valleos.eu\/wp-content\/uploads\/2025\/05\/cartec-1.webp","datePublished":"2025-05-13T06:19:12+00:00","dateModified":"2025-10-03T13:51:54+00:00","breadcrumb":{"@id":"https:\/\/valleos.eu\/de\/produkt\/cartec\/#breadcrumb"},"inLanguage":"de","potentialAction":[{"@type":"ReadAction","target":["https:\/\/valleos.eu\/de\/produkt\/cartec\/"]}]},{"@type":"ImageObject","inLanguage":"de","@id":"https:\/\/valleos.eu\/de\/produkt\/cartec\/#primaryimage","url":"https:\/\/valleos.eu\/wp-content\/uploads\/2025\/05\/cartec-1.webp","contentUrl":"https:\/\/valleos.eu\/wp-content\/uploads\/2025\/05\/cartec-1.webp","width":600,"height":686},{"@type":"BreadcrumbList","@id":"https:\/\/valleos.eu\/de\/produkt\/cartec\/#breadcrumb","itemListElement":[{"@type":"ListItem","position":1,"name":"Home","item":"https:\/\/valleos.eu\/de\/startseite\/"},{"@type":"ListItem","position":2,"name":"Produkte","item":"https:\/\/valleos.eu\/de\/shop\/"},{"@type":"ListItem","position":3,"name":"Cartec"}]},{"@type":"WebSite","@id":"https:\/\/valleos.eu\/de\/#website","url":"https:\/\/valleos.eu\/de\/","name":"Valleos","description":"","potentialAction":[{"@type":"SearchAction","target":{"@type":"EntryPoint","urlTemplate":"https:\/\/valleos.eu\/de\/?s={search_term_string}"},"query-input":{"@type":"PropertyValueSpecification","valueRequired":true,"valueName":"search_term_string"}}],"inLanguage":"de"}]}},"_links":{"self":[{"href":"https:\/\/valleos.eu\/de\/wp-json\/wp\/v2\/product\/2301","targetHints":{"allow":["GET"]}}],"collection":[{"href":"https:\/\/valleos.eu\/de\/wp-json\/wp\/v2\/product"}],"about":[{"href":"https:\/\/valleos.eu\/de\/wp-json\/wp\/v2\/types\/product"}],"replies":[{"embeddable":true,"href":"https:\/\/valleos.eu\/de\/wp-json\/wp\/v2\/comments?post=2301"}],"wp:featuredmedia":[{"embeddable":true,"href":"https:\/\/valleos.eu\/de\/wp-json\/wp\/v2\/media\/2405"}],"wp:attachment":[{"href":"https:\/\/valleos.eu\/de\/wp-json\/wp\/v2\/media?parent=2301"}],"wp:term":[{"taxonomy":"product_brand","embeddable":true,"href":"https:\/\/valleos.eu\/de\/wp-json\/wp\/v2\/product_brand?post=2301"},{"taxonomy":"product_cat","embeddable":true,"href":"https:\/\/valleos.eu\/de\/wp-json\/wp\/v2\/product_cat?post=2301"},{"taxonomy":"product_tag","embeddable":true,"href":"https:\/\/valleos.eu\/de\/wp-json\/wp\/v2\/product_tag?post=2301"},{"taxonomy":"variety","embeddable":true,"href":"https:\/\/valleos.eu\/de\/wp-json\/wp\/v2\/variety?post=2301"}],"curies":[{"name":"wp","href":"https:\/\/api.w.org\/{rel}","templated":true}]}}