{"id":2306,"date":"2025-05-13T06:21:31","date_gmt":"2025-05-13T06:21:31","guid":{"rendered":"https:\/\/valleos.eu\/product\/dicar\/"},"modified":"2025-10-03T13:51:52","modified_gmt":"2025-10-03T13:51:52","slug":"dicar","status":"publish","type":"product","link":"https:\/\/valleos.eu\/de\/produkt\/dicar\/","title":{"rendered":"Dicar"},"content":{"rendered":"<p>DICAR ist ein Hersteller und weltweit f\u00fchrend im Bereich Polyurethan-Stanzdecken \/ Gegenstanzbelaege f\u00fcr Rotationsstanzen.<br \/>\nViele unserer Innovationen sind zum Industriestandard geworden, darunter: Equalizer, Anvilok III Schlitzstanzsysteme, No-Crush-R\u00e4der und Soft-Cut-Leimlaschenschneiden.<\/p>\n<p>Im Laufe der Jahre sind wir au\u00dferdem Ihr zuverl\u00e4ssiger Gro\u00dfh\u00e4ndler f\u00fcr alle Arten von Ersatzteilen f\u00fcr Wellpappenmaschinen, Inline-Rotationsstanzen, Flexodruckmaschinen und mehr geworden.<br \/>\nDar\u00fcber hinaus bieten wir ein breites Sortiment an Werkzeugen und Ger\u00e4ten f\u00fcr die Stanzformenherstellung, zum Biegen und Bearbeiten von Schneid- und Rilllinien, sowie Verbrauchsmaterialien f\u00fcr Ihre Stanzformen, einschlie\u00dflich Auswerfgummi, Rillprofile und Schneidlinien.<\/p>\n<p>Unser Leimlaschen-Abfallsystem <strong>ECO-Tab<\/strong> hilft, Leimlaschen-Abfall von der Schachtel fernzuhalten, um zu verhindern, dass er am Produkt klebt oder Blockaden verursacht.<\/p>\n<p>Laden Sie unsere Kataloge f\u00fcr weitere Informationen herunter.<\/p>\n","protected":false},"excerpt":{"rendered":"<p>DICAR ist ein Hersteller und weltweit f\u00fchrend im Bereich Polyurethan-Stanzdecken \/ Gegenstanzbelaege f\u00fcr Rotationsstanzen. Viele unserer Innovationen sind zum Industriestandard [&hellip;]<\/p>\n","protected":false},"featured_media":1974,"comment_status":"open","ping_status":"closed","template":"","meta":{"_acf_changed":false,"site-sidebar-layout":"default","site-content-layout":"","ast-site-content-layout":"default","site-content-style":"default","site-sidebar-style":"default","ast-global-header-display":"","ast-banner-title-visibility":"","ast-main-header-display":"","ast-hfb-above-header-display":"","ast-hfb-below-header-display":"","ast-hfb-mobile-header-display":"","site-post-title":"","ast-breadcrumbs-content":"","ast-featured-img":"","footer-sml-layout":"","ast-disable-related-posts":"","theme-transparent-header-meta":"default","adv-header-id-meta":"","stick-header-meta":"","header-above-stick-meta":"","header-main-stick-meta":"","header-below-stick-meta":"","astra-migrate-meta-layouts":"default","ast-page-background-enabled":"default","ast-page-background-meta":{"desktop":{"background-color":"var(--ast-global-color-5)","background-image":"","background-repeat":"repeat","background-position":"center center","background-size":"auto","background-attachment":"scroll","background-type":"","background-media":"","overlay-type":"","overlay-color":"","overlay-opacity":"","overlay-gradient":""},"tablet":{"background-color":"","background-image":"","background-repeat":"repeat","background-position":"center center","background-size":"auto","background-attachment":"scroll","background-type":"","background-media":"","overlay-type":"","overlay-color":"","overlay-opacity":"","overlay-gradient":""},"mobile":{"background-color":"","background-image":"","background-repeat":"repeat","background-position":"center center","background-size":"auto","background-attachment":"scroll","background-type":"","background-media":"","overlay-type":"","overlay-color":"","overlay-opacity":"","overlay-gradient":""}},"ast-content-background-meta":{"desktop":{"background-color":"var(--ast-global-color-4)","background-image":"","background-repeat":"repeat","background-position":"center center","background-size":"auto","background-attachment":"scroll","background-type":"","background-media":"","overlay-type":"","overlay-color":"","overlay-opacity":"","overlay-gradient":""},"tablet":{"background-color":"var(--ast-global-color-4)","background-image":"","background-repeat":"repeat","background-position":"center center","background-size":"auto","background-attachment":"scroll","background-type":"","background-media":"","overlay-type":"","overlay-color":"","overlay-opacity":"","overlay-gradient":""},"mobile":{"background-color":"var(--ast-global-color-4)","background-image":"","background-repeat":"repeat","background-position":"center center","background-size":"auto","background-attachment":"scroll","background-type":"","background-media":"","overlay-type":"","overlay-color":"","overlay-opacity":"","overlay-gradient":""}}},"product_brand":[75],"product_cat":[46],"product_tag":[],"variety":[111],"class_list":{"0":"post-2306","1":"product","2":"type-product","3":"status-publish","4":"has-post-thumbnail","6":"product_brand-dicar-de","7":"product_cat-nicht-kategorisiert","8":"variety-die-making-materials-de","9":"desktop-align-left","10":"tablet-align-left","11":"mobile-align-left","13":"first","14":"instock","15":"shipping-taxable","16":"product-type-simple"},"acf":[],"yoast_head":"<!-- This site is optimized with the Yoast SEO plugin v27.4 - https:\/\/yoast.com\/product\/yoast-seo-wordpress\/ -->\n<title>Dicar - Valleos<\/title>\n<meta name=\"robots\" content=\"index, follow, max-snippet:-1, max-image-preview:large, max-video-preview:-1\" \/>\n<link rel=\"canonical\" href=\"https:\/\/valleos.eu\/de\/produkt\/dicar\/\" \/>\n<meta property=\"og:locale\" content=\"de_DE\" \/>\n<meta property=\"og:type\" content=\"article\" \/>\n<meta property=\"og:title\" content=\"Dicar - Valleos\" \/>\n<meta property=\"og:description\" content=\"DICAR ist ein Hersteller und weltweit f\u00fchrend im Bereich Polyurethan-Stanzdecken \/ Gegenstanzbelaege f\u00fcr Rotationsstanzen. Viele unserer Innovationen sind zum Industriestandard [&hellip;]\" \/>\n<meta property=\"og:url\" content=\"https:\/\/valleos.eu\/de\/produkt\/dicar\/\" \/>\n<meta property=\"og:site_name\" content=\"Valleos\" \/>\n<meta property=\"article:modified_time\" content=\"2025-10-03T13:51:52+00:00\" \/>\n<meta property=\"og:image\" content=\"https:\/\/valleos.eu\/wp-content\/uploads\/2025\/05\/dicar.webp\" \/>\n\t<meta property=\"og:image:width\" content=\"604\" \/>\n\t<meta property=\"og:image:height\" content=\"562\" \/>\n\t<meta property=\"og:image:type\" content=\"image\/webp\" \/>\n<meta name=\"twitter:card\" content=\"summary_large_image\" \/>\n<meta name=\"twitter:label1\" content=\"Gesch\u00e4tzte Lesezeit\" \/>\n\t<meta name=\"twitter:data1\" content=\"1\u00a0Minute\" \/>\n<script type=\"application\/ld+json\" class=\"yoast-schema-graph\">{\"@context\":\"https:\\\/\\\/schema.org\",\"@graph\":[{\"@type\":\"WebPage\",\"@id\":\"https:\\\/\\\/valleos.eu\\\/de\\\/produkt\\\/dicar\\\/\",\"url\":\"https:\\\/\\\/valleos.eu\\\/de\\\/produkt\\\/dicar\\\/\",\"name\":\"Dicar - Valleos\",\"isPartOf\":{\"@id\":\"https:\\\/\\\/valleos.eu\\\/de\\\/#website\"},\"primaryImageOfPage\":{\"@id\":\"https:\\\/\\\/valleos.eu\\\/de\\\/produkt\\\/dicar\\\/#primaryimage\"},\"image\":{\"@id\":\"https:\\\/\\\/valleos.eu\\\/de\\\/produkt\\\/dicar\\\/#primaryimage\"},\"thumbnailUrl\":\"https:\\\/\\\/valleos.eu\\\/wp-content\\\/uploads\\\/2025\\\/05\\\/dicar.webp\",\"datePublished\":\"2025-05-13T06:21:31+00:00\",\"dateModified\":\"2025-10-03T13:51:52+00:00\",\"breadcrumb\":{\"@id\":\"https:\\\/\\\/valleos.eu\\\/de\\\/produkt\\\/dicar\\\/#breadcrumb\"},\"inLanguage\":\"de\",\"potentialAction\":[{\"@type\":\"ReadAction\",\"target\":[\"https:\\\/\\\/valleos.eu\\\/de\\\/produkt\\\/dicar\\\/\"]}]},{\"@type\":\"ImageObject\",\"inLanguage\":\"de\",\"@id\":\"https:\\\/\\\/valleos.eu\\\/de\\\/produkt\\\/dicar\\\/#primaryimage\",\"url\":\"https:\\\/\\\/valleos.eu\\\/wp-content\\\/uploads\\\/2025\\\/05\\\/dicar.webp\",\"contentUrl\":\"https:\\\/\\\/valleos.eu\\\/wp-content\\\/uploads\\\/2025\\\/05\\\/dicar.webp\",\"width\":604,\"height\":562},{\"@type\":\"BreadcrumbList\",\"@id\":\"https:\\\/\\\/valleos.eu\\\/de\\\/produkt\\\/dicar\\\/#breadcrumb\",\"itemListElement\":[{\"@type\":\"ListItem\",\"position\":1,\"name\":\"Home\",\"item\":\"https:\\\/\\\/valleos.eu\\\/de\\\/startseite\\\/\"},{\"@type\":\"ListItem\",\"position\":2,\"name\":\"Produkte\",\"item\":\"https:\\\/\\\/valleos.eu\\\/de\\\/shop\\\/\"},{\"@type\":\"ListItem\",\"position\":3,\"name\":\"Dicar\"}]},{\"@type\":\"WebSite\",\"@id\":\"https:\\\/\\\/valleos.eu\\\/de\\\/#website\",\"url\":\"https:\\\/\\\/valleos.eu\\\/de\\\/\",\"name\":\"Valleos\",\"description\":\"\",\"potentialAction\":[{\"@type\":\"SearchAction\",\"target\":{\"@type\":\"EntryPoint\",\"urlTemplate\":\"https:\\\/\\\/valleos.eu\\\/de\\\/?s={search_term_string}\"},\"query-input\":{\"@type\":\"PropertyValueSpecification\",\"valueRequired\":true,\"valueName\":\"search_term_string\"}}],\"inLanguage\":\"de\"}]}<\/script>\n<!-- \/ Yoast SEO plugin. -->","yoast_head_json":{"title":"Dicar - Valleos","robots":{"index":"index","follow":"follow","max-snippet":"max-snippet:-1","max-image-preview":"max-image-preview:large","max-video-preview":"max-video-preview:-1"},"canonical":"https:\/\/valleos.eu\/de\/produkt\/dicar\/","og_locale":"de_DE","og_type":"article","og_title":"Dicar - Valleos","og_description":"DICAR ist ein Hersteller und weltweit f\u00fchrend im Bereich Polyurethan-Stanzdecken \/ Gegenstanzbelaege f\u00fcr Rotationsstanzen. Viele unserer Innovationen sind zum Industriestandard [&hellip;]","og_url":"https:\/\/valleos.eu\/de\/produkt\/dicar\/","og_site_name":"Valleos","article_modified_time":"2025-10-03T13:51:52+00:00","og_image":[{"width":604,"height":562,"url":"https:\/\/valleos.eu\/wp-content\/uploads\/2025\/05\/dicar.webp","type":"image\/webp"}],"twitter_card":"summary_large_image","twitter_misc":{"Gesch\u00e4tzte Lesezeit":"1\u00a0Minute"},"schema":{"@context":"https:\/\/schema.org","@graph":[{"@type":"WebPage","@id":"https:\/\/valleos.eu\/de\/produkt\/dicar\/","url":"https:\/\/valleos.eu\/de\/produkt\/dicar\/","name":"Dicar - Valleos","isPartOf":{"@id":"https:\/\/valleos.eu\/de\/#website"},"primaryImageOfPage":{"@id":"https:\/\/valleos.eu\/de\/produkt\/dicar\/#primaryimage"},"image":{"@id":"https:\/\/valleos.eu\/de\/produkt\/dicar\/#primaryimage"},"thumbnailUrl":"https:\/\/valleos.eu\/wp-content\/uploads\/2025\/05\/dicar.webp","datePublished":"2025-05-13T06:21:31+00:00","dateModified":"2025-10-03T13:51:52+00:00","breadcrumb":{"@id":"https:\/\/valleos.eu\/de\/produkt\/dicar\/#breadcrumb"},"inLanguage":"de","potentialAction":[{"@type":"ReadAction","target":["https:\/\/valleos.eu\/de\/produkt\/dicar\/"]}]},{"@type":"ImageObject","inLanguage":"de","@id":"https:\/\/valleos.eu\/de\/produkt\/dicar\/#primaryimage","url":"https:\/\/valleos.eu\/wp-content\/uploads\/2025\/05\/dicar.webp","contentUrl":"https:\/\/valleos.eu\/wp-content\/uploads\/2025\/05\/dicar.webp","width":604,"height":562},{"@type":"BreadcrumbList","@id":"https:\/\/valleos.eu\/de\/produkt\/dicar\/#breadcrumb","itemListElement":[{"@type":"ListItem","position":1,"name":"Home","item":"https:\/\/valleos.eu\/de\/startseite\/"},{"@type":"ListItem","position":2,"name":"Produkte","item":"https:\/\/valleos.eu\/de\/shop\/"},{"@type":"ListItem","position":3,"name":"Dicar"}]},{"@type":"WebSite","@id":"https:\/\/valleos.eu\/de\/#website","url":"https:\/\/valleos.eu\/de\/","name":"Valleos","description":"","potentialAction":[{"@type":"SearchAction","target":{"@type":"EntryPoint","urlTemplate":"https:\/\/valleos.eu\/de\/?s={search_term_string}"},"query-input":{"@type":"PropertyValueSpecification","valueRequired":true,"valueName":"search_term_string"}}],"inLanguage":"de"}]}},"_links":{"self":[{"href":"https:\/\/valleos.eu\/de\/wp-json\/wp\/v2\/product\/2306","targetHints":{"allow":["GET"]}}],"collection":[{"href":"https:\/\/valleos.eu\/de\/wp-json\/wp\/v2\/product"}],"about":[{"href":"https:\/\/valleos.eu\/de\/wp-json\/wp\/v2\/types\/product"}],"replies":[{"embeddable":true,"href":"https:\/\/valleos.eu\/de\/wp-json\/wp\/v2\/comments?post=2306"}],"wp:featuredmedia":[{"embeddable":true,"href":"https:\/\/valleos.eu\/de\/wp-json\/wp\/v2\/media\/1974"}],"wp:attachment":[{"href":"https:\/\/valleos.eu\/de\/wp-json\/wp\/v2\/media?parent=2306"}],"wp:term":[{"taxonomy":"product_brand","embeddable":true,"href":"https:\/\/valleos.eu\/de\/wp-json\/wp\/v2\/product_brand?post=2306"},{"taxonomy":"product_cat","embeddable":true,"href":"https:\/\/valleos.eu\/de\/wp-json\/wp\/v2\/product_cat?post=2306"},{"taxonomy":"product_tag","embeddable":true,"href":"https:\/\/valleos.eu\/de\/wp-json\/wp\/v2\/product_tag?post=2306"},{"taxonomy":"variety","embeddable":true,"href":"https:\/\/valleos.eu\/de\/wp-json\/wp\/v2\/variety?post=2306"}],"curies":[{"name":"wp","href":"https:\/\/api.w.org\/{rel}","templated":true}]}}