{"id":2316,"date":"2025-05-24T10:49:29","date_gmt":"2025-05-24T10:49:29","guid":{"rendered":"https:\/\/valleos.eu\/product\/kento-hybrid\/"},"modified":"2025-10-03T13:51:46","modified_gmt":"2025-10-03T13:51:46","slug":"kento-hybrid","status":"publish","type":"product","link":"https:\/\/valleos.eu\/de\/produkt\/kento-hybrid\/","title":{"rendered":"KENTO Hybrid"},"content":{"rendered":"<p><strong>KENTO HYBRID-DRUCKTECHNOLOGIE F\u00dcR KURZE UND MITTLERE AUFLAGEN AUF WELLKARTON<\/strong><\/p>\n<p>Die Druckwelt ver\u00e4ndert sich: von langen Produktionsl\u00e4ufen hin zu immer mehr mittleren und kurzen Auflagen.<\/p>\n<ul>\n<li>KENTO kombiniert <strong>Flexodruck<\/strong> (am wirtschaftlichsten f\u00fcr lange Auflagen) mit <strong>Digitaldruck<\/strong> (am wirtschaftlichsten f\u00fcr kurze Auflagen).<\/li>\n<li>Drucken Sie Ihre Grundfarbe(n) mit Flexo und f\u00fcllen Sie den Rest mit Digitaldruck auf.<\/li>\n<li>Deutlich <strong>reduzierte R\u00fcstzeiten <\/strong>und hohe Flexibilit\u00e4t.<\/li>\n<li>Schaffen <strong>Sie mehr Produktionskapazit\u00e4t<\/strong>, indem Sie Ihre kurzen und mittleren Druckauftr\u00e4ge auf die KENTO Hybridkombination verlagern und Ihre Flexodruckmaschinen ausschlie\u00dflich f\u00fcr lange Auflagen nutzen.<\/li>\n<li>Mit KENTO HYBRID\u00ae ist es m\u00f6glich, mit weniger als 2 Millionen Euro\/Dollar zu investieren und trotzdem eine hochwertige Druckkapazit\u00e4t zu erhalten.<\/li>\n<li>Als HYBRID\u00ae-L\u00f6sung ist es m\u00f6glich, kosteng\u00fcnstig auf uncoated liners zu drucken. Es ist nicht notwendig, gro\u00dfe Mengen an Hochgrafik-Kartons auf coated liners zu produzieren, um die Investition zu rechtfertigen. <\/li>\n<li>Eine Einstiegsmaschine kann sp\u00e4ter problemlos durch Hinzuf\u00fcgen neuer Module aufger\u00fcstet werden.<\/li>\n<li>KENTO bietet eigenst\u00e4ndige Hybrid-Druckmaschinen sowie Inline-Kombinationen mit Rotationsstanzen. Die KENTO Hybridl\u00f6sung kann zu Ihrer Inline-Rotationsstanze hinzugef\u00fcgt werden. <\/li>\n<\/ul>\n<p>Erz\u00e4hlen Sie uns von Ihrem Auftragsportfolio, und wir beraten Sie zur besten Hybridl\u00f6sung.<\/p>\n<p>Best\u00e4tigen Sie Ihr Interesse, indem Sie auf die Schaltfl\u00e4che \u201einquiry now\u201c klicken, um unsere Brosch\u00fcre zu erhalten.<\/p>\n","protected":false},"excerpt":{"rendered":"<p>KENTO HYBRID-DRUCKTECHNOLOGIE F\u00dcR KURZE UND MITTLERE AUFLAGEN AUF WELLKARTON Die Druckwelt ver\u00e4ndert sich: von langen Produktionsl\u00e4ufen hin zu immer mehr [&hellip;]<\/p>\n","protected":false},"featured_media":2040,"comment_status":"open","ping_status":"closed","template":"","meta":{"_acf_changed":false,"site-sidebar-layout":"default","site-content-layout":"","ast-site-content-layout":"default","site-content-style":"default","site-sidebar-style":"default","ast-global-header-display":"","ast-banner-title-visibility":"","ast-main-header-display":"","ast-hfb-above-header-display":"","ast-hfb-below-header-display":"","ast-hfb-mobile-header-display":"","site-post-title":"","ast-breadcrumbs-content":"","ast-featured-img":"","footer-sml-layout":"","ast-disable-related-posts":"","theme-transparent-header-meta":"default","adv-header-id-meta":"","stick-header-meta":"","header-above-stick-meta":"","header-main-stick-meta":"","header-below-stick-meta":"","astra-migrate-meta-layouts":"default","ast-page-background-enabled":"default","ast-page-background-meta":{"desktop":{"background-color":"var(--ast-global-color-5)","background-image":"","background-repeat":"repeat","background-position":"center center","background-size":"auto","background-attachment":"scroll","background-type":"","background-media":"","overlay-type":"","overlay-color":"","overlay-opacity":"","overlay-gradient":""},"tablet":{"background-color":"","background-image":"","background-repeat":"repeat","background-position":"center center","background-size":"auto","background-attachment":"scroll","background-type":"","background-media":"","overlay-type":"","overlay-color":"","overlay-opacity":"","overlay-gradient":""},"mobile":{"background-color":"","background-image":"","background-repeat":"repeat","background-position":"center center","background-size":"auto","background-attachment":"scroll","background-type":"","background-media":"","overlay-type":"","overlay-color":"","overlay-opacity":"","overlay-gradient":""}},"ast-content-background-meta":{"desktop":{"background-color":"var(--ast-global-color-4)","background-image":"","background-repeat":"repeat","background-position":"center center","background-size":"auto","background-attachment":"scroll","background-type":"","background-media":"","overlay-type":"","overlay-color":"","overlay-opacity":"","overlay-gradient":""},"tablet":{"background-color":"var(--ast-global-color-4)","background-image":"","background-repeat":"repeat","background-position":"center center","background-size":"auto","background-attachment":"scroll","background-type":"","background-media":"","overlay-type":"","overlay-color":"","overlay-opacity":"","overlay-gradient":""},"mobile":{"background-color":"var(--ast-global-color-4)","background-image":"","background-repeat":"repeat","background-position":"center center","background-size":"auto","background-attachment":"scroll","background-type":"","background-media":"","overlay-type":"","overlay-color":"","overlay-opacity":"","overlay-gradient":""}}},"product_brand":[],"product_cat":[46],"product_tag":[],"variety":[],"class_list":{"0":"post-2316","1":"product","2":"type-product","3":"status-publish","4":"has-post-thumbnail","6":"product_cat-nicht-kategorisiert","7":"desktop-align-left","8":"tablet-align-left","9":"mobile-align-left","11":"first","12":"instock","13":"shipping-taxable","14":"product-type-simple"},"acf":[],"yoast_head":"<!-- This site is optimized with the Yoast SEO plugin v27.4 - https:\/\/yoast.com\/product\/yoast-seo-wordpress\/ -->\n<title>KENTO Hybrid - Valleos<\/title>\n<meta name=\"robots\" content=\"index, follow, max-snippet:-1, max-image-preview:large, max-video-preview:-1\" \/>\n<link rel=\"canonical\" href=\"https:\/\/valleos.eu\/de\/produkt\/kento-hybrid\/\" \/>\n<meta property=\"og:locale\" content=\"de_DE\" \/>\n<meta property=\"og:type\" content=\"article\" \/>\n<meta property=\"og:title\" content=\"KENTO Hybrid - Valleos\" \/>\n<meta property=\"og:description\" content=\"KENTO HYBRID-DRUCKTECHNOLOGIE F\u00dcR KURZE UND MITTLERE AUFLAGEN AUF WELLKARTON Die Druckwelt ver\u00e4ndert sich: von langen Produktionsl\u00e4ufen hin zu immer mehr [&hellip;]\" \/>\n<meta property=\"og:url\" content=\"https:\/\/valleos.eu\/de\/produkt\/kento-hybrid\/\" \/>\n<meta property=\"og:site_name\" content=\"Valleos\" \/>\n<meta property=\"article:modified_time\" content=\"2025-10-03T13:51:46+00:00\" \/>\n<meta property=\"og:image\" content=\"https:\/\/valleos.eu\/wp-content\/uploads\/2025\/05\/kento.webp\" \/>\n\t<meta property=\"og:image:width\" content=\"604\" \/>\n\t<meta property=\"og:image:height\" content=\"562\" \/>\n\t<meta property=\"og:image:type\" content=\"image\/webp\" \/>\n<meta name=\"twitter:card\" content=\"summary_large_image\" \/>\n<meta name=\"twitter:label1\" content=\"Gesch\u00e4tzte Lesezeit\" \/>\n\t<meta name=\"twitter:data1\" content=\"1\u00a0Minute\" \/>\n<script type=\"application\/ld+json\" class=\"yoast-schema-graph\">{\"@context\":\"https:\\\/\\\/schema.org\",\"@graph\":[{\"@type\":\"WebPage\",\"@id\":\"https:\\\/\\\/valleos.eu\\\/de\\\/produkt\\\/kento-hybrid\\\/\",\"url\":\"https:\\\/\\\/valleos.eu\\\/de\\\/produkt\\\/kento-hybrid\\\/\",\"name\":\"KENTO Hybrid - Valleos\",\"isPartOf\":{\"@id\":\"https:\\\/\\\/valleos.eu\\\/de\\\/#website\"},\"primaryImageOfPage\":{\"@id\":\"https:\\\/\\\/valleos.eu\\\/de\\\/produkt\\\/kento-hybrid\\\/#primaryimage\"},\"image\":{\"@id\":\"https:\\\/\\\/valleos.eu\\\/de\\\/produkt\\\/kento-hybrid\\\/#primaryimage\"},\"thumbnailUrl\":\"https:\\\/\\\/valleos.eu\\\/wp-content\\\/uploads\\\/2025\\\/05\\\/kento.webp\",\"datePublished\":\"2025-05-24T10:49:29+00:00\",\"dateModified\":\"2025-10-03T13:51:46+00:00\",\"breadcrumb\":{\"@id\":\"https:\\\/\\\/valleos.eu\\\/de\\\/produkt\\\/kento-hybrid\\\/#breadcrumb\"},\"inLanguage\":\"de\",\"potentialAction\":[{\"@type\":\"ReadAction\",\"target\":[\"https:\\\/\\\/valleos.eu\\\/de\\\/produkt\\\/kento-hybrid\\\/\"]}]},{\"@type\":\"ImageObject\",\"inLanguage\":\"de\",\"@id\":\"https:\\\/\\\/valleos.eu\\\/de\\\/produkt\\\/kento-hybrid\\\/#primaryimage\",\"url\":\"https:\\\/\\\/valleos.eu\\\/wp-content\\\/uploads\\\/2025\\\/05\\\/kento.webp\",\"contentUrl\":\"https:\\\/\\\/valleos.eu\\\/wp-content\\\/uploads\\\/2025\\\/05\\\/kento.webp\",\"width\":604,\"height\":562},{\"@type\":\"BreadcrumbList\",\"@id\":\"https:\\\/\\\/valleos.eu\\\/de\\\/produkt\\\/kento-hybrid\\\/#breadcrumb\",\"itemListElement\":[{\"@type\":\"ListItem\",\"position\":1,\"name\":\"Home\",\"item\":\"https:\\\/\\\/valleos.eu\\\/de\\\/startseite\\\/\"},{\"@type\":\"ListItem\",\"position\":2,\"name\":\"Produkte\",\"item\":\"https:\\\/\\\/valleos.eu\\\/de\\\/shop\\\/\"},{\"@type\":\"ListItem\",\"position\":3,\"name\":\"KENTO Hybrid\"}]},{\"@type\":\"WebSite\",\"@id\":\"https:\\\/\\\/valleos.eu\\\/de\\\/#website\",\"url\":\"https:\\\/\\\/valleos.eu\\\/de\\\/\",\"name\":\"Valleos\",\"description\":\"\",\"potentialAction\":[{\"@type\":\"SearchAction\",\"target\":{\"@type\":\"EntryPoint\",\"urlTemplate\":\"https:\\\/\\\/valleos.eu\\\/de\\\/?s={search_term_string}\"},\"query-input\":{\"@type\":\"PropertyValueSpecification\",\"valueRequired\":true,\"valueName\":\"search_term_string\"}}],\"inLanguage\":\"de\"}]}<\/script>\n<!-- \/ Yoast SEO plugin. -->","yoast_head_json":{"title":"KENTO Hybrid - Valleos","robots":{"index":"index","follow":"follow","max-snippet":"max-snippet:-1","max-image-preview":"max-image-preview:large","max-video-preview":"max-video-preview:-1"},"canonical":"https:\/\/valleos.eu\/de\/produkt\/kento-hybrid\/","og_locale":"de_DE","og_type":"article","og_title":"KENTO Hybrid - Valleos","og_description":"KENTO HYBRID-DRUCKTECHNOLOGIE F\u00dcR KURZE UND MITTLERE AUFLAGEN AUF WELLKARTON Die Druckwelt ver\u00e4ndert sich: von langen Produktionsl\u00e4ufen hin zu immer mehr [&hellip;]","og_url":"https:\/\/valleos.eu\/de\/produkt\/kento-hybrid\/","og_site_name":"Valleos","article_modified_time":"2025-10-03T13:51:46+00:00","og_image":[{"width":604,"height":562,"url":"https:\/\/valleos.eu\/wp-content\/uploads\/2025\/05\/kento.webp","type":"image\/webp"}],"twitter_card":"summary_large_image","twitter_misc":{"Gesch\u00e4tzte Lesezeit":"1\u00a0Minute"},"schema":{"@context":"https:\/\/schema.org","@graph":[{"@type":"WebPage","@id":"https:\/\/valleos.eu\/de\/produkt\/kento-hybrid\/","url":"https:\/\/valleos.eu\/de\/produkt\/kento-hybrid\/","name":"KENTO Hybrid - Valleos","isPartOf":{"@id":"https:\/\/valleos.eu\/de\/#website"},"primaryImageOfPage":{"@id":"https:\/\/valleos.eu\/de\/produkt\/kento-hybrid\/#primaryimage"},"image":{"@id":"https:\/\/valleos.eu\/de\/produkt\/kento-hybrid\/#primaryimage"},"thumbnailUrl":"https:\/\/valleos.eu\/wp-content\/uploads\/2025\/05\/kento.webp","datePublished":"2025-05-24T10:49:29+00:00","dateModified":"2025-10-03T13:51:46+00:00","breadcrumb":{"@id":"https:\/\/valleos.eu\/de\/produkt\/kento-hybrid\/#breadcrumb"},"inLanguage":"de","potentialAction":[{"@type":"ReadAction","target":["https:\/\/valleos.eu\/de\/produkt\/kento-hybrid\/"]}]},{"@type":"ImageObject","inLanguage":"de","@id":"https:\/\/valleos.eu\/de\/produkt\/kento-hybrid\/#primaryimage","url":"https:\/\/valleos.eu\/wp-content\/uploads\/2025\/05\/kento.webp","contentUrl":"https:\/\/valleos.eu\/wp-content\/uploads\/2025\/05\/kento.webp","width":604,"height":562},{"@type":"BreadcrumbList","@id":"https:\/\/valleos.eu\/de\/produkt\/kento-hybrid\/#breadcrumb","itemListElement":[{"@type":"ListItem","position":1,"name":"Home","item":"https:\/\/valleos.eu\/de\/startseite\/"},{"@type":"ListItem","position":2,"name":"Produkte","item":"https:\/\/valleos.eu\/de\/shop\/"},{"@type":"ListItem","position":3,"name":"KENTO Hybrid"}]},{"@type":"WebSite","@id":"https:\/\/valleos.eu\/de\/#website","url":"https:\/\/valleos.eu\/de\/","name":"Valleos","description":"","potentialAction":[{"@type":"SearchAction","target":{"@type":"EntryPoint","urlTemplate":"https:\/\/valleos.eu\/de\/?s={search_term_string}"},"query-input":{"@type":"PropertyValueSpecification","valueRequired":true,"valueName":"search_term_string"}}],"inLanguage":"de"}]}},"_links":{"self":[{"href":"https:\/\/valleos.eu\/de\/wp-json\/wp\/v2\/product\/2316","targetHints":{"allow":["GET"]}}],"collection":[{"href":"https:\/\/valleos.eu\/de\/wp-json\/wp\/v2\/product"}],"about":[{"href":"https:\/\/valleos.eu\/de\/wp-json\/wp\/v2\/types\/product"}],"replies":[{"embeddable":true,"href":"https:\/\/valleos.eu\/de\/wp-json\/wp\/v2\/comments?post=2316"}],"wp:featuredmedia":[{"embeddable":true,"href":"https:\/\/valleos.eu\/de\/wp-json\/wp\/v2\/media\/2040"}],"wp:attachment":[{"href":"https:\/\/valleos.eu\/de\/wp-json\/wp\/v2\/media?parent=2316"}],"wp:term":[{"taxonomy":"product_brand","embeddable":true,"href":"https:\/\/valleos.eu\/de\/wp-json\/wp\/v2\/product_brand?post=2316"},{"taxonomy":"product_cat","embeddable":true,"href":"https:\/\/valleos.eu\/de\/wp-json\/wp\/v2\/product_cat?post=2316"},{"taxonomy":"product_tag","embeddable":true,"href":"https:\/\/valleos.eu\/de\/wp-json\/wp\/v2\/product_tag?post=2316"},{"taxonomy":"variety","embeddable":true,"href":"https:\/\/valleos.eu\/de\/wp-json\/wp\/v2\/variety?post=2316"}],"curies":[{"name":"wp","href":"https:\/\/api.w.org\/{rel}","templated":true}]}}