{"id":2469,"date":"2025-09-03T11:33:56","date_gmt":"2025-09-03T11:33:56","guid":{"rendered":"https:\/\/valleos.eu\/product\/icat-klebstoffe\/"},"modified":"2025-10-03T13:51:46","modified_gmt":"2025-10-03T13:51:46","slug":"icat-klebstoffe","status":"publish","type":"product","link":"https:\/\/valleos.eu\/de\/produkt\/icat-klebstoffe\/","title":{"rendered":"ICAT-Klebstoffe"},"content":{"rendered":"<p>ICAT ist ein italienisches Familienunternehmen, das Klebstoffe f\u00fcr alle industriellen Anwendungen erforscht, entwickelt und produziert.<\/p>\n<p>Technologie, Innovation und Erfahrung sind die wichtigsten S\u00e4ulen dieses Unternehmens, das sich seit \u00fcber 40 Jahren der Entwicklung von Klebel\u00f6sungen widmet.<\/p>\n<p>Der Erfolg dieses Unternehmens basiert auf der kontinuierlichen Aktualisierung der Klebstoffeigenschaften, die der technologischen Entwicklung der zu verklebenden Substrate und der f\u00fcr verschiedene industrielle Anwendungen eingesetzten Systeme folgt, um die Qualit\u00e4tsstandards der Produkte und Dienstleistungen f\u00fcr unsere Kunden zu maximieren.<\/p>\n<p>Das Unternehmen verf\u00fcgt \u00fcber ein breites Produktportfolio:<\/p>\n<p>WORLDMELT &#8211;&gt;&gt; Metallocen-basierte Klebstoffe<\/p>\n<p>RX &#8211;&gt; Biobasierte Klebstoffe<\/p>\n<p>ICAMELT &#8211;&gt; EVA-, APAO- und PSA-Klebstoffe<\/p>\n<p>ICAVIL &#8211;&gt; Wasserdispergierte synthetische Klebstoffe<\/p>\n<p>ICADEX &#8211;&gt; Pflanzenbasierte Klebstoffe<\/p>\n<p>ICAGEL &#8211;&gt; Tierleim<\/p>\n<p>ICAPUR &#8211;&gt; Polyurethan-Klebstoffe<\/p>\n<p>ICAGRIP &#8211;&gt; Spezialklebstoffe zur Palettenstabilisierung<\/p>\n<p>STICK &#8211;&gt; Haftklebstoffe und Reinigungsprodukte<\/p>\n<p>Dank seiner vielf\u00e4ltigen Technologien und Unternehmensstruktur beliefert Icat seine Produkte weltweit mit zahlreichen Branchen:<\/p>\n<p>Verpackung<\/p>\n<p>Papierverarbeitung<\/p>\n<p>Etikettierung<\/p>\n<p>Buchbinderei<\/p>\n<p>Holzbearbeitung<\/p>\n<p>Filtration<\/p>\n<p>Matratzen<\/p>\n<p>und anderen Branchen, in denen Erfahrung und technologische Innovation unerl\u00e4sslich sind.<\/p>\n","protected":false},"excerpt":{"rendered":"<p>ICAT ist ein italienisches Familienunternehmen, das Klebstoffe f\u00fcr alle industriellen Anwendungen erforscht, entwickelt und produziert. Technologie, Innovation und Erfahrung sind [&hellip;]<\/p>\n","protected":false},"featured_media":2442,"comment_status":"open","ping_status":"closed","template":"","meta":{"_acf_changed":false,"site-sidebar-layout":"default","site-content-layout":"","ast-site-content-layout":"default","site-content-style":"default","site-sidebar-style":"default","ast-global-header-display":"","ast-banner-title-visibility":"","ast-main-header-display":"","ast-hfb-above-header-display":"","ast-hfb-below-header-display":"","ast-hfb-mobile-header-display":"","site-post-title":"","ast-breadcrumbs-content":"","ast-featured-img":"","footer-sml-layout":"","ast-disable-related-posts":"","theme-transparent-header-meta":"default","adv-header-id-meta":"","stick-header-meta":"","header-above-stick-meta":"","header-main-stick-meta":"","header-below-stick-meta":"","astra-migrate-meta-layouts":"default","ast-page-background-enabled":"default","ast-page-background-meta":{"desktop":{"background-color":"var(--ast-global-color-5)","background-image":"","background-repeat":"repeat","background-position":"center center","background-size":"auto","background-attachment":"scroll","background-type":"","background-media":"","overlay-type":"","overlay-color":"","overlay-opacity":"","overlay-gradient":""},"tablet":{"background-color":"","background-image":"","background-repeat":"repeat","background-position":"center center","background-size":"auto","background-attachment":"scroll","background-type":"","background-media":"","overlay-type":"","overlay-color":"","overlay-opacity":"","overlay-gradient":""},"mobile":{"background-color":"","background-image":"","background-repeat":"repeat","background-position":"center center","background-size":"auto","background-attachment":"scroll","background-type":"","background-media":"","overlay-type":"","overlay-color":"","overlay-opacity":"","overlay-gradient":""}},"ast-content-background-meta":{"desktop":{"background-color":"var(--ast-global-color-4)","background-image":"","background-repeat":"repeat","background-position":"center center","background-size":"auto","background-attachment":"scroll","background-type":"","background-media":"","overlay-type":"","overlay-color":"","overlay-opacity":"","overlay-gradient":""},"tablet":{"background-color":"var(--ast-global-color-4)","background-image":"","background-repeat":"repeat","background-position":"center center","background-size":"auto","background-attachment":"scroll","background-type":"","background-media":"","overlay-type":"","overlay-color":"","overlay-opacity":"","overlay-gradient":""},"mobile":{"background-color":"var(--ast-global-color-4)","background-image":"","background-repeat":"repeat","background-position":"center center","background-size":"auto","background-attachment":"scroll","background-type":"","background-media":"","overlay-type":"","overlay-color":"","overlay-opacity":"","overlay-gradient":""}}},"product_brand":[105],"product_cat":[69],"product_tag":[],"variety":[],"class_list":{"0":"post-2469","1":"product","2":"type-product","3":"status-publish","4":"has-post-thumbnail","6":"product_brand-icat-de","7":"product_cat-uncategorized-de","8":"desktop-align-left","9":"tablet-align-left","10":"mobile-align-left","12":"first","13":"instock","14":"shipping-taxable","15":"product-type-simple"},"acf":[],"yoast_head":"<!-- This site is optimized with the Yoast SEO plugin v27.4 - https:\/\/yoast.com\/product\/yoast-seo-wordpress\/ -->\n<title>ICAT-Klebstoffe - Valleos<\/title>\n<meta name=\"robots\" content=\"index, follow, max-snippet:-1, max-image-preview:large, max-video-preview:-1\" \/>\n<link rel=\"canonical\" href=\"https:\/\/valleos.eu\/de\/produkt\/icat-klebstoffe\/\" \/>\n<meta property=\"og:locale\" content=\"de_DE\" \/>\n<meta property=\"og:type\" content=\"article\" \/>\n<meta property=\"og:title\" content=\"ICAT-Klebstoffe - Valleos\" \/>\n<meta property=\"og:description\" content=\"ICAT ist ein italienisches Familienunternehmen, das Klebstoffe f\u00fcr alle industriellen Anwendungen erforscht, entwickelt und produziert. Technologie, Innovation und Erfahrung sind [&hellip;]\" \/>\n<meta property=\"og:url\" content=\"https:\/\/valleos.eu\/de\/produkt\/icat-klebstoffe\/\" \/>\n<meta property=\"og:site_name\" content=\"Valleos\" \/>\n<meta property=\"article:modified_time\" content=\"2025-10-03T13:51:46+00:00\" \/>\n<meta property=\"og:image\" content=\"https:\/\/valleos.eu\/wp-content\/uploads\/2025\/09\/PAPER-CONVERTING-ICAT-1.webp\" \/>\n\t<meta property=\"og:image:width\" content=\"600\" \/>\n\t<meta property=\"og:image:height\" content=\"685\" \/>\n\t<meta property=\"og:image:type\" content=\"image\/webp\" \/>\n<meta name=\"twitter:card\" content=\"summary_large_image\" \/>\n<meta name=\"twitter:label1\" content=\"Gesch\u00e4tzte Lesezeit\" \/>\n\t<meta name=\"twitter:data1\" content=\"1\u00a0Minute\" \/>\n<script type=\"application\/ld+json\" class=\"yoast-schema-graph\">{\"@context\":\"https:\\\/\\\/schema.org\",\"@graph\":[{\"@type\":\"WebPage\",\"@id\":\"https:\\\/\\\/valleos.eu\\\/de\\\/produkt\\\/icat-klebstoffe\\\/\",\"url\":\"https:\\\/\\\/valleos.eu\\\/de\\\/produkt\\\/icat-klebstoffe\\\/\",\"name\":\"ICAT-Klebstoffe - Valleos\",\"isPartOf\":{\"@id\":\"https:\\\/\\\/valleos.eu\\\/de\\\/#website\"},\"primaryImageOfPage\":{\"@id\":\"https:\\\/\\\/valleos.eu\\\/de\\\/produkt\\\/icat-klebstoffe\\\/#primaryimage\"},\"image\":{\"@id\":\"https:\\\/\\\/valleos.eu\\\/de\\\/produkt\\\/icat-klebstoffe\\\/#primaryimage\"},\"thumbnailUrl\":\"https:\\\/\\\/valleos.eu\\\/wp-content\\\/uploads\\\/2025\\\/09\\\/PAPER-CONVERTING-ICAT-1.webp\",\"datePublished\":\"2025-09-03T11:33:56+00:00\",\"dateModified\":\"2025-10-03T13:51:46+00:00\",\"breadcrumb\":{\"@id\":\"https:\\\/\\\/valleos.eu\\\/de\\\/produkt\\\/icat-klebstoffe\\\/#breadcrumb\"},\"inLanguage\":\"de\",\"potentialAction\":[{\"@type\":\"ReadAction\",\"target\":[\"https:\\\/\\\/valleos.eu\\\/de\\\/produkt\\\/icat-klebstoffe\\\/\"]}]},{\"@type\":\"ImageObject\",\"inLanguage\":\"de\",\"@id\":\"https:\\\/\\\/valleos.eu\\\/de\\\/produkt\\\/icat-klebstoffe\\\/#primaryimage\",\"url\":\"https:\\\/\\\/valleos.eu\\\/wp-content\\\/uploads\\\/2025\\\/09\\\/PAPER-CONVERTING-ICAT-1.webp\",\"contentUrl\":\"https:\\\/\\\/valleos.eu\\\/wp-content\\\/uploads\\\/2025\\\/09\\\/PAPER-CONVERTING-ICAT-1.webp\",\"width\":600,\"height\":685},{\"@type\":\"BreadcrumbList\",\"@id\":\"https:\\\/\\\/valleos.eu\\\/de\\\/produkt\\\/icat-klebstoffe\\\/#breadcrumb\",\"itemListElement\":[{\"@type\":\"ListItem\",\"position\":1,\"name\":\"Home\",\"item\":\"https:\\\/\\\/valleos.eu\\\/de\\\/startseite\\\/\"},{\"@type\":\"ListItem\",\"position\":2,\"name\":\"Produkte\",\"item\":\"https:\\\/\\\/valleos.eu\\\/de\\\/shop\\\/\"},{\"@type\":\"ListItem\",\"position\":3,\"name\":\"ICAT-Klebstoffe\"}]},{\"@type\":\"WebSite\",\"@id\":\"https:\\\/\\\/valleos.eu\\\/de\\\/#website\",\"url\":\"https:\\\/\\\/valleos.eu\\\/de\\\/\",\"name\":\"Valleos\",\"description\":\"\",\"potentialAction\":[{\"@type\":\"SearchAction\",\"target\":{\"@type\":\"EntryPoint\",\"urlTemplate\":\"https:\\\/\\\/valleos.eu\\\/de\\\/?s={search_term_string}\"},\"query-input\":{\"@type\":\"PropertyValueSpecification\",\"valueRequired\":true,\"valueName\":\"search_term_string\"}}],\"inLanguage\":\"de\"}]}<\/script>\n<!-- \/ Yoast SEO plugin. -->","yoast_head_json":{"title":"ICAT-Klebstoffe - Valleos","robots":{"index":"index","follow":"follow","max-snippet":"max-snippet:-1","max-image-preview":"max-image-preview:large","max-video-preview":"max-video-preview:-1"},"canonical":"https:\/\/valleos.eu\/de\/produkt\/icat-klebstoffe\/","og_locale":"de_DE","og_type":"article","og_title":"ICAT-Klebstoffe - Valleos","og_description":"ICAT ist ein italienisches Familienunternehmen, das Klebstoffe f\u00fcr alle industriellen Anwendungen erforscht, entwickelt und produziert. Technologie, Innovation und Erfahrung sind [&hellip;]","og_url":"https:\/\/valleos.eu\/de\/produkt\/icat-klebstoffe\/","og_site_name":"Valleos","article_modified_time":"2025-10-03T13:51:46+00:00","og_image":[{"width":600,"height":685,"url":"https:\/\/valleos.eu\/wp-content\/uploads\/2025\/09\/PAPER-CONVERTING-ICAT-1.webp","type":"image\/webp"}],"twitter_card":"summary_large_image","twitter_misc":{"Gesch\u00e4tzte Lesezeit":"1\u00a0Minute"},"schema":{"@context":"https:\/\/schema.org","@graph":[{"@type":"WebPage","@id":"https:\/\/valleos.eu\/de\/produkt\/icat-klebstoffe\/","url":"https:\/\/valleos.eu\/de\/produkt\/icat-klebstoffe\/","name":"ICAT-Klebstoffe - Valleos","isPartOf":{"@id":"https:\/\/valleos.eu\/de\/#website"},"primaryImageOfPage":{"@id":"https:\/\/valleos.eu\/de\/produkt\/icat-klebstoffe\/#primaryimage"},"image":{"@id":"https:\/\/valleos.eu\/de\/produkt\/icat-klebstoffe\/#primaryimage"},"thumbnailUrl":"https:\/\/valleos.eu\/wp-content\/uploads\/2025\/09\/PAPER-CONVERTING-ICAT-1.webp","datePublished":"2025-09-03T11:33:56+00:00","dateModified":"2025-10-03T13:51:46+00:00","breadcrumb":{"@id":"https:\/\/valleos.eu\/de\/produkt\/icat-klebstoffe\/#breadcrumb"},"inLanguage":"de","potentialAction":[{"@type":"ReadAction","target":["https:\/\/valleos.eu\/de\/produkt\/icat-klebstoffe\/"]}]},{"@type":"ImageObject","inLanguage":"de","@id":"https:\/\/valleos.eu\/de\/produkt\/icat-klebstoffe\/#primaryimage","url":"https:\/\/valleos.eu\/wp-content\/uploads\/2025\/09\/PAPER-CONVERTING-ICAT-1.webp","contentUrl":"https:\/\/valleos.eu\/wp-content\/uploads\/2025\/09\/PAPER-CONVERTING-ICAT-1.webp","width":600,"height":685},{"@type":"BreadcrumbList","@id":"https:\/\/valleos.eu\/de\/produkt\/icat-klebstoffe\/#breadcrumb","itemListElement":[{"@type":"ListItem","position":1,"name":"Home","item":"https:\/\/valleos.eu\/de\/startseite\/"},{"@type":"ListItem","position":2,"name":"Produkte","item":"https:\/\/valleos.eu\/de\/shop\/"},{"@type":"ListItem","position":3,"name":"ICAT-Klebstoffe"}]},{"@type":"WebSite","@id":"https:\/\/valleos.eu\/de\/#website","url":"https:\/\/valleos.eu\/de\/","name":"Valleos","description":"","potentialAction":[{"@type":"SearchAction","target":{"@type":"EntryPoint","urlTemplate":"https:\/\/valleos.eu\/de\/?s={search_term_string}"},"query-input":{"@type":"PropertyValueSpecification","valueRequired":true,"valueName":"search_term_string"}}],"inLanguage":"de"}]}},"_links":{"self":[{"href":"https:\/\/valleos.eu\/de\/wp-json\/wp\/v2\/product\/2469","targetHints":{"allow":["GET"]}}],"collection":[{"href":"https:\/\/valleos.eu\/de\/wp-json\/wp\/v2\/product"}],"about":[{"href":"https:\/\/valleos.eu\/de\/wp-json\/wp\/v2\/types\/product"}],"replies":[{"embeddable":true,"href":"https:\/\/valleos.eu\/de\/wp-json\/wp\/v2\/comments?post=2469"}],"wp:featuredmedia":[{"embeddable":true,"href":"https:\/\/valleos.eu\/de\/wp-json\/wp\/v2\/media\/2442"}],"wp:attachment":[{"href":"https:\/\/valleos.eu\/de\/wp-json\/wp\/v2\/media?parent=2469"}],"wp:term":[{"taxonomy":"product_brand","embeddable":true,"href":"https:\/\/valleos.eu\/de\/wp-json\/wp\/v2\/product_brand?post=2469"},{"taxonomy":"product_cat","embeddable":true,"href":"https:\/\/valleos.eu\/de\/wp-json\/wp\/v2\/product_cat?post=2469"},{"taxonomy":"product_tag","embeddable":true,"href":"https:\/\/valleos.eu\/de\/wp-json\/wp\/v2\/product_tag?post=2469"},{"taxonomy":"variety","embeddable":true,"href":"https:\/\/valleos.eu\/de\/wp-json\/wp\/v2\/variety?post=2469"}],"curies":[{"name":"wp","href":"https:\/\/api.w.org\/{rel}","templated":true}]}}