{"id":2288,"date":"2025-08-26T08:33:00","date_gmt":"2025-08-26T08:33:00","guid":{"rendered":"https:\/\/valleos.eu\/product\/coupeur-kei\/"},"modified":"2026-02-20T11:44:47","modified_gmt":"2026-02-20T11:44:47","slug":"coupeur-kei","status":"publish","type":"product","link":"https:\/\/valleos.eu\/fr\/produit\/coupeur-kei\/","title":{"rendered":"Coupeur KEI"},"content":{"rendered":"<p>La KEI Cutter est la solution id\u00e9ale pour les fabricants des formes de d\u00e9coupe, emporte-pi\u00e8ces et les applications industrielles. Gr\u00e2ce \u00e0 son outil de d\u00e9coupe oscillant pneumatique, elle d\u00e9coupe sans effort le caoutchouc, la mousse et les mat\u00e9riaux d\u2019\u00e9tanch\u00e9it\u00e9 jusqu\u2019\u00e0 50 mm d\u2019\u00e9paisseur (jusqu\u2019\u00e0 120 mm sur demande), sans changement de composants. <\/p>\n<p>L\u2019interface intuitive et le logiciel intelligent EyeVision optimisent le placement des fichiers de d\u00e9coupe, r\u00e9duisant ainsi les chutes de mati\u00e8re et les co\u00fbts de production.<\/p>\n<p>M\u00eame avec des mat\u00e9riaux complexes comme le Vulcolan, le n\u00e9opr\u00e8ne ou les joints industriels, la KEI Cutter offre une d\u00e9coupe rapide, pr\u00e9cise et fiable. Id\u00e9al pour les entreprises recherchant une productivit\u00e9 maximale, des co\u00fbts r\u00e9duits et une qualit\u00e9 de coupe constante. <\/p>\n","protected":false},"excerpt":{"rendered":"<p>La KEI Cutter est la solution id\u00e9ale pour les fabricants des formes de d\u00e9coupe, emporte-pi\u00e8ces et les applications industrielles. Gr\u00e2ce [&hellip;]<\/p>\n","protected":false},"featured_media":2115,"comment_status":"open","ping_status":"closed","template":"","meta":{"_acf_changed":false,"site-sidebar-layout":"default","site-content-layout":"","ast-site-content-layout":"default","site-content-style":"default","site-sidebar-style":"default","ast-global-header-display":"","ast-banner-title-visibility":"","ast-main-header-display":"","ast-hfb-above-header-display":"","ast-hfb-below-header-display":"","ast-hfb-mobile-header-display":"","site-post-title":"","ast-breadcrumbs-content":"","ast-featured-img":"","footer-sml-layout":"","ast-disable-related-posts":"","theme-transparent-header-meta":"default","adv-header-id-meta":"","stick-header-meta":"","header-above-stick-meta":"","header-main-stick-meta":"","header-below-stick-meta":"","astra-migrate-meta-layouts":"set","ast-page-background-enabled":"default","ast-page-background-meta":{"desktop":{"background-color":"var(--ast-global-color-5)","background-image":"","background-repeat":"repeat","background-position":"center center","background-size":"auto","background-attachment":"scroll","background-type":"","background-media":"","overlay-type":"","overlay-color":"","overlay-opacity":"","overlay-gradient":""},"tablet":{"background-color":"","background-image":"","background-repeat":"repeat","background-position":"center center","background-size":"auto","background-attachment":"scroll","background-type":"","background-media":"","overlay-type":"","overlay-color":"","overlay-opacity":"","overlay-gradient":""},"mobile":{"background-color":"","background-image":"","background-repeat":"repeat","background-position":"center center","background-size":"auto","background-attachment":"scroll","background-type":"","background-media":"","overlay-type":"","overlay-color":"","overlay-opacity":"","overlay-gradient":""}},"ast-content-background-meta":{"desktop":{"background-color":"var(--ast-global-color-4)","background-image":"","background-repeat":"repeat","background-position":"center center","background-size":"auto","background-attachment":"scroll","background-type":"","background-media":"","overlay-type":"","overlay-color":"","overlay-opacity":"","overlay-gradient":""},"tablet":{"background-color":"var(--ast-global-color-4)","background-image":"","background-repeat":"repeat","background-position":"center center","background-size":"auto","background-attachment":"scroll","background-type":"","background-media":"","overlay-type":"","overlay-color":"","overlay-opacity":"","overlay-gradient":""},"mobile":{"background-color":"var(--ast-global-color-4)","background-image":"","background-repeat":"repeat","background-position":"center center","background-size":"auto","background-attachment":"scroll","background-type":"","background-media":"","overlay-type":"","overlay-color":"","overlay-opacity":"","overlay-gradient":""}}},"product_brand":[92],"product_cat":[45],"product_tag":[],"variety":[107],"class_list":{"0":"post-2288","1":"product","2":"type-product","3":"status-publish","4":"has-post-thumbnail","6":"product_brand-kei-cutter-fr","7":"product_cat-non-categorise","8":"variety-machine-parts-for-inline-matches-fr","9":"desktop-align-left","10":"tablet-align-left","11":"mobile-align-left","13":"first","14":"instock","15":"shipping-taxable","16":"product-type-simple"},"acf":[],"yoast_head":"<!-- This site is optimized with the Yoast SEO plugin v27.4 - https:\/\/yoast.com\/product\/yoast-seo-wordpress\/ -->\n<title>Coupeur KEI - Valleos<\/title>\n<meta name=\"robots\" content=\"index, follow, max-snippet:-1, max-image-preview:large, max-video-preview:-1\" \/>\n<link rel=\"canonical\" href=\"https:\/\/valleos.eu\/fr\/produit\/coupeur-kei\/\" \/>\n<meta property=\"og:locale\" content=\"fr_FR\" \/>\n<meta property=\"og:type\" content=\"article\" \/>\n<meta property=\"og:title\" content=\"Coupeur KEI - Valleos\" \/>\n<meta property=\"og:description\" content=\"La KEI Cutter est la solution id\u00e9ale pour les fabricants des formes de d\u00e9coupe, emporte-pi\u00e8ces et les applications industrielles. Gr\u00e2ce [&hellip;]\" \/>\n<meta property=\"og:url\" content=\"https:\/\/valleos.eu\/fr\/produit\/coupeur-kei\/\" \/>\n<meta property=\"og:site_name\" content=\"Valleos\" \/>\n<meta property=\"article:modified_time\" content=\"2026-02-20T11:44:47+00:00\" \/>\n<meta property=\"og:image\" content=\"https:\/\/valleos.eu\/wp-content\/uploads\/2025\/08\/KEI-cutter-image-1.webp\" \/>\n\t<meta property=\"og:image:width\" content=\"900\" \/>\n\t<meta property=\"og:image:height\" content=\"1028\" \/>\n\t<meta property=\"og:image:type\" content=\"image\/webp\" \/>\n<meta name=\"twitter:card\" content=\"summary_large_image\" \/>\n<meta name=\"twitter:label1\" content=\"Dur\u00e9e de lecture estim\u00e9e\" \/>\n\t<meta name=\"twitter:data1\" content=\"1 minute\" \/>\n<script type=\"application\/ld+json\" class=\"yoast-schema-graph\">{\"@context\":\"https:\\\/\\\/schema.org\",\"@graph\":[{\"@type\":\"WebPage\",\"@id\":\"https:\\\/\\\/valleos.eu\\\/fr\\\/produit\\\/coupeur-kei\\\/\",\"url\":\"https:\\\/\\\/valleos.eu\\\/fr\\\/produit\\\/coupeur-kei\\\/\",\"name\":\"Coupeur KEI - Valleos\",\"isPartOf\":{\"@id\":\"https:\\\/\\\/valleos.eu\\\/fr\\\/#website\"},\"primaryImageOfPage\":{\"@id\":\"https:\\\/\\\/valleos.eu\\\/fr\\\/produit\\\/coupeur-kei\\\/#primaryimage\"},\"image\":{\"@id\":\"https:\\\/\\\/valleos.eu\\\/fr\\\/produit\\\/coupeur-kei\\\/#primaryimage\"},\"thumbnailUrl\":\"https:\\\/\\\/valleos.eu\\\/wp-content\\\/uploads\\\/2025\\\/08\\\/KEI-cutter-image-1.webp\",\"datePublished\":\"2025-08-26T08:33:00+00:00\",\"dateModified\":\"2026-02-20T11:44:47+00:00\",\"breadcrumb\":{\"@id\":\"https:\\\/\\\/valleos.eu\\\/fr\\\/produit\\\/coupeur-kei\\\/#breadcrumb\"},\"inLanguage\":\"fr-FR\",\"potentialAction\":[{\"@type\":\"ReadAction\",\"target\":[\"https:\\\/\\\/valleos.eu\\\/fr\\\/produit\\\/coupeur-kei\\\/\"]}]},{\"@type\":\"ImageObject\",\"inLanguage\":\"fr-FR\",\"@id\":\"https:\\\/\\\/valleos.eu\\\/fr\\\/produit\\\/coupeur-kei\\\/#primaryimage\",\"url\":\"https:\\\/\\\/valleos.eu\\\/wp-content\\\/uploads\\\/2025\\\/08\\\/KEI-cutter-image-1.webp\",\"contentUrl\":\"https:\\\/\\\/valleos.eu\\\/wp-content\\\/uploads\\\/2025\\\/08\\\/KEI-cutter-image-1.webp\",\"width\":900,\"height\":1028},{\"@type\":\"BreadcrumbList\",\"@id\":\"https:\\\/\\\/valleos.eu\\\/fr\\\/produit\\\/coupeur-kei\\\/#breadcrumb\",\"itemListElement\":[{\"@type\":\"ListItem\",\"position\":1,\"name\":\"Home\",\"item\":\"https:\\\/\\\/valleos.eu\\\/fr\\\/accueil\\\/\"},{\"@type\":\"ListItem\",\"position\":2,\"name\":\"Produits\",\"item\":\"https:\\\/\\\/valleos.eu\\\/fr\\\/boutique\\\/\"},{\"@type\":\"ListItem\",\"position\":3,\"name\":\"Coupeur KEI\"}]},{\"@type\":\"WebSite\",\"@id\":\"https:\\\/\\\/valleos.eu\\\/fr\\\/#website\",\"url\":\"https:\\\/\\\/valleos.eu\\\/fr\\\/\",\"name\":\"Valleos\",\"description\":\"\",\"potentialAction\":[{\"@type\":\"SearchAction\",\"target\":{\"@type\":\"EntryPoint\",\"urlTemplate\":\"https:\\\/\\\/valleos.eu\\\/fr\\\/?s={search_term_string}\"},\"query-input\":{\"@type\":\"PropertyValueSpecification\",\"valueRequired\":true,\"valueName\":\"search_term_string\"}}],\"inLanguage\":\"fr-FR\"}]}<\/script>\n<!-- \/ Yoast SEO plugin. -->","yoast_head_json":{"title":"Coupeur KEI - Valleos","robots":{"index":"index","follow":"follow","max-snippet":"max-snippet:-1","max-image-preview":"max-image-preview:large","max-video-preview":"max-video-preview:-1"},"canonical":"https:\/\/valleos.eu\/fr\/produit\/coupeur-kei\/","og_locale":"fr_FR","og_type":"article","og_title":"Coupeur KEI - Valleos","og_description":"La KEI Cutter est la solution id\u00e9ale pour les fabricants des formes de d\u00e9coupe, emporte-pi\u00e8ces et les applications industrielles. Gr\u00e2ce [&hellip;]","og_url":"https:\/\/valleos.eu\/fr\/produit\/coupeur-kei\/","og_site_name":"Valleos","article_modified_time":"2026-02-20T11:44:47+00:00","og_image":[{"width":900,"height":1028,"url":"https:\/\/valleos.eu\/wp-content\/uploads\/2025\/08\/KEI-cutter-image-1.webp","type":"image\/webp"}],"twitter_card":"summary_large_image","twitter_misc":{"Dur\u00e9e de lecture estim\u00e9e":"1 minute"},"schema":{"@context":"https:\/\/schema.org","@graph":[{"@type":"WebPage","@id":"https:\/\/valleos.eu\/fr\/produit\/coupeur-kei\/","url":"https:\/\/valleos.eu\/fr\/produit\/coupeur-kei\/","name":"Coupeur KEI - Valleos","isPartOf":{"@id":"https:\/\/valleos.eu\/fr\/#website"},"primaryImageOfPage":{"@id":"https:\/\/valleos.eu\/fr\/produit\/coupeur-kei\/#primaryimage"},"image":{"@id":"https:\/\/valleos.eu\/fr\/produit\/coupeur-kei\/#primaryimage"},"thumbnailUrl":"https:\/\/valleos.eu\/wp-content\/uploads\/2025\/08\/KEI-cutter-image-1.webp","datePublished":"2025-08-26T08:33:00+00:00","dateModified":"2026-02-20T11:44:47+00:00","breadcrumb":{"@id":"https:\/\/valleos.eu\/fr\/produit\/coupeur-kei\/#breadcrumb"},"inLanguage":"fr-FR","potentialAction":[{"@type":"ReadAction","target":["https:\/\/valleos.eu\/fr\/produit\/coupeur-kei\/"]}]},{"@type":"ImageObject","inLanguage":"fr-FR","@id":"https:\/\/valleos.eu\/fr\/produit\/coupeur-kei\/#primaryimage","url":"https:\/\/valleos.eu\/wp-content\/uploads\/2025\/08\/KEI-cutter-image-1.webp","contentUrl":"https:\/\/valleos.eu\/wp-content\/uploads\/2025\/08\/KEI-cutter-image-1.webp","width":900,"height":1028},{"@type":"BreadcrumbList","@id":"https:\/\/valleos.eu\/fr\/produit\/coupeur-kei\/#breadcrumb","itemListElement":[{"@type":"ListItem","position":1,"name":"Home","item":"https:\/\/valleos.eu\/fr\/accueil\/"},{"@type":"ListItem","position":2,"name":"Produits","item":"https:\/\/valleos.eu\/fr\/boutique\/"},{"@type":"ListItem","position":3,"name":"Coupeur KEI"}]},{"@type":"WebSite","@id":"https:\/\/valleos.eu\/fr\/#website","url":"https:\/\/valleos.eu\/fr\/","name":"Valleos","description":"","potentialAction":[{"@type":"SearchAction","target":{"@type":"EntryPoint","urlTemplate":"https:\/\/valleos.eu\/fr\/?s={search_term_string}"},"query-input":{"@type":"PropertyValueSpecification","valueRequired":true,"valueName":"search_term_string"}}],"inLanguage":"fr-FR"}]}},"_links":{"self":[{"href":"https:\/\/valleos.eu\/fr\/wp-json\/wp\/v2\/product\/2288","targetHints":{"allow":["GET"]}}],"collection":[{"href":"https:\/\/valleos.eu\/fr\/wp-json\/wp\/v2\/product"}],"about":[{"href":"https:\/\/valleos.eu\/fr\/wp-json\/wp\/v2\/types\/product"}],"replies":[{"embeddable":true,"href":"https:\/\/valleos.eu\/fr\/wp-json\/wp\/v2\/comments?post=2288"}],"wp:featuredmedia":[{"embeddable":true,"href":"https:\/\/valleos.eu\/fr\/wp-json\/wp\/v2\/media\/2115"}],"wp:attachment":[{"href":"https:\/\/valleos.eu\/fr\/wp-json\/wp\/v2\/media?parent=2288"}],"wp:term":[{"taxonomy":"product_brand","embeddable":true,"href":"https:\/\/valleos.eu\/fr\/wp-json\/wp\/v2\/product_brand?post=2288"},{"taxonomy":"product_cat","embeddable":true,"href":"https:\/\/valleos.eu\/fr\/wp-json\/wp\/v2\/product_cat?post=2288"},{"taxonomy":"product_tag","embeddable":true,"href":"https:\/\/valleos.eu\/fr\/wp-json\/wp\/v2\/product_tag?post=2288"},{"taxonomy":"variety","embeddable":true,"href":"https:\/\/valleos.eu\/fr\/wp-json\/wp\/v2\/variety?post=2288"}],"curies":[{"name":"wp","href":"https:\/\/api.w.org\/{rel}","templated":true}]}}