{"id":2319,"date":"2025-05-13T06:15:04","date_gmt":"2025-05-13T06:15:04","guid":{"rendered":"https:\/\/valleos.eu\/product\/mecanelec\/"},"modified":"2025-10-03T13:51:56","modified_gmt":"2025-10-03T13:51:56","slug":"mecanelec","status":"publish","type":"product","link":"https:\/\/valleos.eu\/fr\/produit\/mecanelec\/","title":{"rendered":"M\u00e9can\u00e9lec"},"content":{"rendered":"<p>En quelques secondes la plaque de carton ondul\u00e9 brute devient une d\u00e9coupe \u00e0 vos mesures<\/p>\n<ul>\n<li>Changement de format en 3 minutes<\/li>\n<li>1 seul op\u00e9rateur<\/li>\n<li>Le logiciel INFOMAC permet un travail en ligne en se chargeant de la gestion de production des prix de revient et de la maintenance<\/li>\n<\/ul>\n<p><strong>Donn\u00e9es techniques<\/strong><\/p>\n<p><strong>MARGEUR AUTOMATIQUE<\/strong><\/p>\n<ul>\n<li>Format standard 1400 x 3000 mm<\/li>\n<li>Syst\u00e8me d\u2019introduction \u00e0 friction (brevet M\u00e9canelec)<\/li>\n<\/ul>\n<p><strong>UN SEUL PASSAGE<\/strong><\/p>\n<ul>\n<li>Refoulages transversaux et longitudinaux<\/li>\n<li>Coupes lat\u00e9rales et transversales<\/li>\n<li>Echancrages, d\u00e9coupe de la patte<\/li>\n<li>D\u00e9coupes sp\u00e9ciales (Option 1 ou 2) : poign\u00e9es, caisses croix, caisses \u00e0 rabats jointifs, trous d\u2019a\u00e9ration&#8230;<\/li>\n<\/ul>\n<p><strong>IMPOSITION<\/strong><br \/>\nEn fonction des dimensions de l\u2019emballage \u00e0 fabriquer la machine MAC permet de r\u00e9aliser plusieurs pi\u00e8ces dans la m\u00eame plaque.<br \/>\nAinsi, les capacit\u00e9s de la machine sont utilis\u00e9es au maximum et la productivit\u00e9 est optimale.<br \/>\nEquipement standard deux caisses de front possibilit\u00e9 en option de trois caisses de front.<\/p>\n<p><strong>PRODUCTION MOYENNE<\/strong><br \/>\nLa cadence de la machine est d\u00e9termin\u00e9e par l\u2019imposition.<br \/>\nEn effet la machine peut produire plusieurs \u00e9l\u00e9ments de front.<br \/>Dans le cas de la caisse la vitesse moyenne est de :<\/p>\n<ul>\n<li>600 caisses \u00e0 l\u2019heure pour 1 caisse de front<\/li>\n<li>1200 caisses \u00e0 l\u2019heure pour 2 caisses de front<\/li>\n<li>1800 caisses \u00e0 l\u2019heure pour 3 caisses de front<\/li>\n<\/ul>\n<p><strong>CARACTERISTIQUES TECHNIQUES<\/strong><\/p>\n<ul>\n<li>Margeur automatique, hauteur de pile : 1050 mm<\/li>\n<li>Vitesse de d\u00e9filement : 0 \u00e0 1600 mm\/sec<\/li>\n<li>Distance minimum entre deux refoulages : 0 mm<\/li>\n<li>Puissance pneumatique n\u00e9cessaire : 7 bars<\/li>\n<li>Puissance \u00e9lectrique n\u00e9cessaire : 8 KW 380 V triphas\u00e9 + neutre<\/li>\n<li>Epaisseur carton : 2 \u00e0 8 mm<\/li>\n<\/ul>\n","protected":false},"excerpt":{"rendered":"<p>En quelques secondes la plaque de carton ondul\u00e9 brute devient une d\u00e9coupe \u00e0 vos mesures Changement de format en 3 [&hellip;]<\/p>\n","protected":false},"featured_media":1985,"comment_status":"open","ping_status":"closed","template":"","meta":{"_acf_changed":false,"site-sidebar-layout":"default","site-content-layout":"","ast-site-content-layout":"default","site-content-style":"default","site-sidebar-style":"default","ast-global-header-display":"","ast-banner-title-visibility":"","ast-main-header-display":"","ast-hfb-above-header-display":"","ast-hfb-below-header-display":"","ast-hfb-mobile-header-display":"","site-post-title":"","ast-breadcrumbs-content":"","ast-featured-img":"","footer-sml-layout":"","ast-disable-related-posts":"","theme-transparent-header-meta":"default","adv-header-id-meta":"","stick-header-meta":"","header-above-stick-meta":"","header-main-stick-meta":"","header-below-stick-meta":"","astra-migrate-meta-layouts":"default","ast-page-background-enabled":"default","ast-page-background-meta":{"desktop":{"background-color":"var(--ast-global-color-5)","background-image":"","background-repeat":"repeat","background-position":"center center","background-size":"auto","background-attachment":"scroll","background-type":"","background-media":"","overlay-type":"","overlay-color":"","overlay-opacity":"","overlay-gradient":""},"tablet":{"background-color":"","background-image":"","background-repeat":"repeat","background-position":"center center","background-size":"auto","background-attachment":"scroll","background-type":"","background-media":"","overlay-type":"","overlay-color":"","overlay-opacity":"","overlay-gradient":""},"mobile":{"background-color":"","background-image":"","background-repeat":"repeat","background-position":"center center","background-size":"auto","background-attachment":"scroll","background-type":"","background-media":"","overlay-type":"","overlay-color":"","overlay-opacity":"","overlay-gradient":""}},"ast-content-background-meta":{"desktop":{"background-color":"var(--ast-global-color-4)","background-image":"","background-repeat":"repeat","background-position":"center center","background-size":"auto","background-attachment":"scroll","background-type":"","background-media":"","overlay-type":"","overlay-color":"","overlay-opacity":"","overlay-gradient":""},"tablet":{"background-color":"var(--ast-global-color-4)","background-image":"","background-repeat":"repeat","background-position":"center center","background-size":"auto","background-attachment":"scroll","background-type":"","background-media":"","overlay-type":"","overlay-color":"","overlay-opacity":"","overlay-gradient":""},"mobile":{"background-color":"var(--ast-global-color-4)","background-image":"","background-repeat":"repeat","background-position":"center center","background-size":"auto","background-attachment":"scroll","background-type":"","background-media":"","overlay-type":"","overlay-color":"","overlay-opacity":"","overlay-gradient":""}}},"product_brand":[83],"product_cat":[45],"product_tag":[],"variety":[107],"class_list":{"0":"post-2319","1":"product","2":"type-product","3":"status-publish","4":"has-post-thumbnail","6":"product_brand-mecanelec-fr","7":"product_cat-non-categorise","8":"variety-machine-parts-for-inline-matches-fr","9":"desktop-align-left","10":"tablet-align-left","11":"mobile-align-left","13":"first","14":"instock","15":"shipping-taxable","16":"product-type-simple"},"acf":[],"yoast_head":"<!-- This site is optimized with the Yoast SEO plugin v27.4 - https:\/\/yoast.com\/product\/yoast-seo-wordpress\/ -->\n<title>M\u00e9can\u00e9lec - Valleos<\/title>\n<meta name=\"robots\" content=\"index, follow, max-snippet:-1, max-image-preview:large, max-video-preview:-1\" \/>\n<link rel=\"canonical\" href=\"https:\/\/valleos.eu\/fr\/produit\/mecanelec\/\" \/>\n<meta property=\"og:locale\" content=\"fr_FR\" \/>\n<meta property=\"og:type\" content=\"article\" \/>\n<meta property=\"og:title\" content=\"M\u00e9can\u00e9lec - Valleos\" \/>\n<meta property=\"og:description\" content=\"En quelques secondes la plaque de carton ondul\u00e9 brute devient une d\u00e9coupe \u00e0 vos mesures Changement de format en 3 [&hellip;]\" \/>\n<meta property=\"og:url\" content=\"https:\/\/valleos.eu\/fr\/produit\/mecanelec\/\" \/>\n<meta property=\"og:site_name\" content=\"Valleos\" \/>\n<meta property=\"article:modified_time\" content=\"2025-10-03T13:51:56+00:00\" \/>\n<meta property=\"og:image\" content=\"https:\/\/valleos.eu\/wp-content\/uploads\/2025\/05\/m1-1.webp\" \/>\n\t<meta property=\"og:image:width\" content=\"604\" \/>\n\t<meta property=\"og:image:height\" content=\"562\" \/>\n\t<meta property=\"og:image:type\" content=\"image\/webp\" \/>\n<meta name=\"twitter:card\" content=\"summary_large_image\" \/>\n<meta name=\"twitter:label1\" content=\"Dur\u00e9e de lecture estim\u00e9e\" \/>\n\t<meta name=\"twitter:data1\" content=\"1 minute\" \/>\n<script type=\"application\/ld+json\" class=\"yoast-schema-graph\">{\"@context\":\"https:\\\/\\\/schema.org\",\"@graph\":[{\"@type\":\"WebPage\",\"@id\":\"https:\\\/\\\/valleos.eu\\\/fr\\\/produit\\\/mecanelec\\\/\",\"url\":\"https:\\\/\\\/valleos.eu\\\/fr\\\/produit\\\/mecanelec\\\/\",\"name\":\"M\u00e9can\u00e9lec - Valleos\",\"isPartOf\":{\"@id\":\"https:\\\/\\\/valleos.eu\\\/fr\\\/#website\"},\"primaryImageOfPage\":{\"@id\":\"https:\\\/\\\/valleos.eu\\\/fr\\\/produit\\\/mecanelec\\\/#primaryimage\"},\"image\":{\"@id\":\"https:\\\/\\\/valleos.eu\\\/fr\\\/produit\\\/mecanelec\\\/#primaryimage\"},\"thumbnailUrl\":\"https:\\\/\\\/valleos.eu\\\/wp-content\\\/uploads\\\/2025\\\/05\\\/m1-1.webp\",\"datePublished\":\"2025-05-13T06:15:04+00:00\",\"dateModified\":\"2025-10-03T13:51:56+00:00\",\"breadcrumb\":{\"@id\":\"https:\\\/\\\/valleos.eu\\\/fr\\\/produit\\\/mecanelec\\\/#breadcrumb\"},\"inLanguage\":\"fr-FR\",\"potentialAction\":[{\"@type\":\"ReadAction\",\"target\":[\"https:\\\/\\\/valleos.eu\\\/fr\\\/produit\\\/mecanelec\\\/\"]}]},{\"@type\":\"ImageObject\",\"inLanguage\":\"fr-FR\",\"@id\":\"https:\\\/\\\/valleos.eu\\\/fr\\\/produit\\\/mecanelec\\\/#primaryimage\",\"url\":\"https:\\\/\\\/valleos.eu\\\/wp-content\\\/uploads\\\/2025\\\/05\\\/m1-1.webp\",\"contentUrl\":\"https:\\\/\\\/valleos.eu\\\/wp-content\\\/uploads\\\/2025\\\/05\\\/m1-1.webp\",\"width\":604,\"height\":562},{\"@type\":\"BreadcrumbList\",\"@id\":\"https:\\\/\\\/valleos.eu\\\/fr\\\/produit\\\/mecanelec\\\/#breadcrumb\",\"itemListElement\":[{\"@type\":\"ListItem\",\"position\":1,\"name\":\"Home\",\"item\":\"https:\\\/\\\/valleos.eu\\\/fr\\\/accueil\\\/\"},{\"@type\":\"ListItem\",\"position\":2,\"name\":\"Produits\",\"item\":\"https:\\\/\\\/valleos.eu\\\/fr\\\/boutique\\\/\"},{\"@type\":\"ListItem\",\"position\":3,\"name\":\"M\u00e9can\u00e9lec\"}]},{\"@type\":\"WebSite\",\"@id\":\"https:\\\/\\\/valleos.eu\\\/fr\\\/#website\",\"url\":\"https:\\\/\\\/valleos.eu\\\/fr\\\/\",\"name\":\"Valleos\",\"description\":\"\",\"potentialAction\":[{\"@type\":\"SearchAction\",\"target\":{\"@type\":\"EntryPoint\",\"urlTemplate\":\"https:\\\/\\\/valleos.eu\\\/fr\\\/?s={search_term_string}\"},\"query-input\":{\"@type\":\"PropertyValueSpecification\",\"valueRequired\":true,\"valueName\":\"search_term_string\"}}],\"inLanguage\":\"fr-FR\"}]}<\/script>\n<!-- \/ Yoast SEO plugin. -->","yoast_head_json":{"title":"M\u00e9can\u00e9lec - Valleos","robots":{"index":"index","follow":"follow","max-snippet":"max-snippet:-1","max-image-preview":"max-image-preview:large","max-video-preview":"max-video-preview:-1"},"canonical":"https:\/\/valleos.eu\/fr\/produit\/mecanelec\/","og_locale":"fr_FR","og_type":"article","og_title":"M\u00e9can\u00e9lec - Valleos","og_description":"En quelques secondes la plaque de carton ondul\u00e9 brute devient une d\u00e9coupe \u00e0 vos mesures Changement de format en 3 [&hellip;]","og_url":"https:\/\/valleos.eu\/fr\/produit\/mecanelec\/","og_site_name":"Valleos","article_modified_time":"2025-10-03T13:51:56+00:00","og_image":[{"width":604,"height":562,"url":"https:\/\/valleos.eu\/wp-content\/uploads\/2025\/05\/m1-1.webp","type":"image\/webp"}],"twitter_card":"summary_large_image","twitter_misc":{"Dur\u00e9e de lecture estim\u00e9e":"1 minute"},"schema":{"@context":"https:\/\/schema.org","@graph":[{"@type":"WebPage","@id":"https:\/\/valleos.eu\/fr\/produit\/mecanelec\/","url":"https:\/\/valleos.eu\/fr\/produit\/mecanelec\/","name":"M\u00e9can\u00e9lec - Valleos","isPartOf":{"@id":"https:\/\/valleos.eu\/fr\/#website"},"primaryImageOfPage":{"@id":"https:\/\/valleos.eu\/fr\/produit\/mecanelec\/#primaryimage"},"image":{"@id":"https:\/\/valleos.eu\/fr\/produit\/mecanelec\/#primaryimage"},"thumbnailUrl":"https:\/\/valleos.eu\/wp-content\/uploads\/2025\/05\/m1-1.webp","datePublished":"2025-05-13T06:15:04+00:00","dateModified":"2025-10-03T13:51:56+00:00","breadcrumb":{"@id":"https:\/\/valleos.eu\/fr\/produit\/mecanelec\/#breadcrumb"},"inLanguage":"fr-FR","potentialAction":[{"@type":"ReadAction","target":["https:\/\/valleos.eu\/fr\/produit\/mecanelec\/"]}]},{"@type":"ImageObject","inLanguage":"fr-FR","@id":"https:\/\/valleos.eu\/fr\/produit\/mecanelec\/#primaryimage","url":"https:\/\/valleos.eu\/wp-content\/uploads\/2025\/05\/m1-1.webp","contentUrl":"https:\/\/valleos.eu\/wp-content\/uploads\/2025\/05\/m1-1.webp","width":604,"height":562},{"@type":"BreadcrumbList","@id":"https:\/\/valleos.eu\/fr\/produit\/mecanelec\/#breadcrumb","itemListElement":[{"@type":"ListItem","position":1,"name":"Home","item":"https:\/\/valleos.eu\/fr\/accueil\/"},{"@type":"ListItem","position":2,"name":"Produits","item":"https:\/\/valleos.eu\/fr\/boutique\/"},{"@type":"ListItem","position":3,"name":"M\u00e9can\u00e9lec"}]},{"@type":"WebSite","@id":"https:\/\/valleos.eu\/fr\/#website","url":"https:\/\/valleos.eu\/fr\/","name":"Valleos","description":"","potentialAction":[{"@type":"SearchAction","target":{"@type":"EntryPoint","urlTemplate":"https:\/\/valleos.eu\/fr\/?s={search_term_string}"},"query-input":{"@type":"PropertyValueSpecification","valueRequired":true,"valueName":"search_term_string"}}],"inLanguage":"fr-FR"}]}},"_links":{"self":[{"href":"https:\/\/valleos.eu\/fr\/wp-json\/wp\/v2\/product\/2319","targetHints":{"allow":["GET"]}}],"collection":[{"href":"https:\/\/valleos.eu\/fr\/wp-json\/wp\/v2\/product"}],"about":[{"href":"https:\/\/valleos.eu\/fr\/wp-json\/wp\/v2\/types\/product"}],"replies":[{"embeddable":true,"href":"https:\/\/valleos.eu\/fr\/wp-json\/wp\/v2\/comments?post=2319"}],"wp:featuredmedia":[{"embeddable":true,"href":"https:\/\/valleos.eu\/fr\/wp-json\/wp\/v2\/media\/1985"}],"wp:attachment":[{"href":"https:\/\/valleos.eu\/fr\/wp-json\/wp\/v2\/media?parent=2319"}],"wp:term":[{"taxonomy":"product_brand","embeddable":true,"href":"https:\/\/valleos.eu\/fr\/wp-json\/wp\/v2\/product_brand?post=2319"},{"taxonomy":"product_cat","embeddable":true,"href":"https:\/\/valleos.eu\/fr\/wp-json\/wp\/v2\/product_cat?post=2319"},{"taxonomy":"product_tag","embeddable":true,"href":"https:\/\/valleos.eu\/fr\/wp-json\/wp\/v2\/product_tag?post=2319"},{"taxonomy":"variety","embeddable":true,"href":"https:\/\/valleos.eu\/fr\/wp-json\/wp\/v2\/variety?post=2319"}],"curies":[{"name":"wp","href":"https:\/\/api.w.org\/{rel}","templated":true}]}}