{"id":3060,"date":"2026-04-13T06:47:34","date_gmt":"2026-04-13T06:47:34","guid":{"rendered":"https:\/\/valleos.eu\/product\/phoenix-glue-plotter\/"},"modified":"2026-04-14T05:50:34","modified_gmt":"2026-04-14T05:50:34","slug":"phoenix-glue-plotter","status":"publish","type":"product","link":"https:\/\/valleos.eu\/fr\/produit\/phoenix-glue-plotter\/","title":{"rendered":"Phoenix Glue Plotter"},"content":{"rendered":"<p><strong>Sp\u00e9cifications techniques PHOENIX<\/strong><\/p>\n<ul>\n<li><strong>Surface de collage : <\/strong>2700 x 1750 mm<\/li>\n<li>4 \u00e9l\u00e9vateurs individuels avec une surface de 675 x 437 mm<\/li>\n<li>Surface totale de tous les \u00e9l\u00e9vateurs r\u00e9unis : 2700 x 1750 mm<\/li>\n<li><strong>Vitesse de collage :<\/strong> 2 m\/s<\/li>\n<li><strong>T\u00e9l\u00e9assistance :<\/strong> Industrie 4.0<\/li>\n<li><strong>Moteurs :<\/strong> 3 servomoteurs brushless<\/li>\n<li><strong>Syst\u00e8me hotmelt :<\/strong> pompe \u00e0 engrenages (capacit\u00e9 5\/10\/15 kg)<\/li>\n<li><strong>Axes XY :<\/strong> haute performance<\/li>\n<li>Colle froide : pompe pneumatique<\/li>\n<li><strong>Programmation :<\/strong> via tablette portable sur la machine et via fichier DXF\/CF2 sur ordinateur<\/li>\n<li><strong>Buses de collage :<\/strong> Zero Cavity, 5 tailles diff\u00e9rentes<\/li>\n<li><strong>Postes de travail :<\/strong> 4 stations programmables individuellement<\/li>\n<\/ul>\n","protected":false},"excerpt":{"rendered":"<p>Sp\u00e9cifications techniques PHOENIX Surface de collage : 2700 x 1750 mm 4 \u00e9l\u00e9vateurs individuels avec une surface de 675 x [&hellip;]<\/p>\n","protected":false},"featured_media":2000,"comment_status":"open","ping_status":"closed","template":"","meta":{"_acf_changed":false,"site-sidebar-layout":"default","site-content-layout":"","ast-site-content-layout":"default","site-content-style":"default","site-sidebar-style":"default","ast-global-header-display":"","ast-banner-title-visibility":"","ast-main-header-display":"","ast-hfb-above-header-display":"","ast-hfb-below-header-display":"","ast-hfb-mobile-header-display":"","site-post-title":"","ast-breadcrumbs-content":"","ast-featured-img":"","footer-sml-layout":"","ast-disable-related-posts":"","theme-transparent-header-meta":"default","adv-header-id-meta":"","stick-header-meta":"","header-above-stick-meta":"","header-main-stick-meta":"","header-below-stick-meta":"","astra-migrate-meta-layouts":"default","ast-page-background-enabled":"default","ast-page-background-meta":{"desktop":{"background-color":"var(--ast-global-color-5)","background-image":"","background-repeat":"repeat","background-position":"center center","background-size":"auto","background-attachment":"scroll","background-type":"","background-media":"","overlay-type":"","overlay-color":"","overlay-opacity":"","overlay-gradient":""},"tablet":{"background-color":"","background-image":"","background-repeat":"repeat","background-position":"center center","background-size":"auto","background-attachment":"scroll","background-type":"","background-media":"","overlay-type":"","overlay-color":"","overlay-opacity":"","overlay-gradient":""},"mobile":{"background-color":"","background-image":"","background-repeat":"repeat","background-position":"center center","background-size":"auto","background-attachment":"scroll","background-type":"","background-media":"","overlay-type":"","overlay-color":"","overlay-opacity":"","overlay-gradient":""}},"ast-content-background-meta":{"desktop":{"background-color":"var(--ast-global-color-4)","background-image":"","background-repeat":"repeat","background-position":"center center","background-size":"auto","background-attachment":"scroll","background-type":"","background-media":"","overlay-type":"","overlay-color":"","overlay-opacity":"","overlay-gradient":""},"tablet":{"background-color":"var(--ast-global-color-4)","background-image":"","background-repeat":"repeat","background-position":"center center","background-size":"auto","background-attachment":"scroll","background-type":"","background-media":"","overlay-type":"","overlay-color":"","overlay-opacity":"","overlay-gradient":""},"mobile":{"background-color":"var(--ast-global-color-4)","background-image":"","background-repeat":"repeat","background-position":"center center","background-size":"auto","background-attachment":"scroll","background-type":"","background-media":"","overlay-type":"","overlay-color":"","overlay-opacity":"","overlay-gradient":""}}},"product_brand":[],"product_cat":[45],"product_tag":[],"variety":[],"class_list":{"0":"post-3060","1":"product","2":"type-product","3":"status-publish","4":"has-post-thumbnail","6":"product_cat-non-categorise","7":"desktop-align-left","8":"tablet-align-left","9":"mobile-align-left","11":"first","12":"instock","13":"shipping-taxable","14":"product-type-simple"},"acf":[],"yoast_head":"<!-- This site is optimized with the Yoast SEO plugin v27.4 - https:\/\/yoast.com\/product\/yoast-seo-wordpress\/ -->\n<title>Phoenix Glue Plotter - Valleos<\/title>\n<meta name=\"robots\" content=\"index, follow, max-snippet:-1, max-image-preview:large, max-video-preview:-1\" \/>\n<link rel=\"canonical\" href=\"https:\/\/valleos.eu\/fr\/produit\/phoenix-glue-plotter\/\" \/>\n<meta property=\"og:locale\" content=\"fr_FR\" \/>\n<meta property=\"og:type\" content=\"article\" \/>\n<meta property=\"og:title\" content=\"Phoenix Glue Plotter - Valleos\" \/>\n<meta property=\"og:description\" content=\"Sp\u00e9cifications techniques PHOENIX Surface de collage : 2700 x 1750 mm 4 \u00e9l\u00e9vateurs individuels avec une surface de 675 x [&hellip;]\" \/>\n<meta property=\"og:url\" content=\"https:\/\/valleos.eu\/fr\/produit\/phoenix-glue-plotter\/\" \/>\n<meta property=\"og:site_name\" content=\"Valleos\" \/>\n<meta property=\"article:modified_time\" content=\"2026-04-14T05:50:34+00:00\" \/>\n<meta property=\"og:image\" content=\"https:\/\/valleos.eu\/wp-content\/uploads\/2025\/05\/f1.webp\" \/>\n\t<meta property=\"og:image:width\" content=\"604\" \/>\n\t<meta property=\"og:image:height\" content=\"562\" \/>\n\t<meta property=\"og:image:type\" content=\"image\/webp\" \/>\n<meta name=\"twitter:card\" content=\"summary_large_image\" \/>\n<script type=\"application\/ld+json\" class=\"yoast-schema-graph\">{\"@context\":\"https:\\\/\\\/schema.org\",\"@graph\":[{\"@type\":\"WebPage\",\"@id\":\"https:\\\/\\\/valleos.eu\\\/fr\\\/produit\\\/phoenix-glue-plotter\\\/\",\"url\":\"https:\\\/\\\/valleos.eu\\\/fr\\\/produit\\\/phoenix-glue-plotter\\\/\",\"name\":\"Phoenix Glue Plotter - Valleos\",\"isPartOf\":{\"@id\":\"https:\\\/\\\/valleos.eu\\\/fr\\\/#website\"},\"primaryImageOfPage\":{\"@id\":\"https:\\\/\\\/valleos.eu\\\/fr\\\/produit\\\/phoenix-glue-plotter\\\/#primaryimage\"},\"image\":{\"@id\":\"https:\\\/\\\/valleos.eu\\\/fr\\\/produit\\\/phoenix-glue-plotter\\\/#primaryimage\"},\"thumbnailUrl\":\"https:\\\/\\\/valleos.eu\\\/wp-content\\\/uploads\\\/2025\\\/05\\\/f1.webp\",\"datePublished\":\"2026-04-13T06:47:34+00:00\",\"dateModified\":\"2026-04-14T05:50:34+00:00\",\"breadcrumb\":{\"@id\":\"https:\\\/\\\/valleos.eu\\\/fr\\\/produit\\\/phoenix-glue-plotter\\\/#breadcrumb\"},\"inLanguage\":\"fr-FR\",\"potentialAction\":[{\"@type\":\"ReadAction\",\"target\":[\"https:\\\/\\\/valleos.eu\\\/fr\\\/produit\\\/phoenix-glue-plotter\\\/\"]}]},{\"@type\":\"ImageObject\",\"inLanguage\":\"fr-FR\",\"@id\":\"https:\\\/\\\/valleos.eu\\\/fr\\\/produit\\\/phoenix-glue-plotter\\\/#primaryimage\",\"url\":\"https:\\\/\\\/valleos.eu\\\/wp-content\\\/uploads\\\/2025\\\/05\\\/f1.webp\",\"contentUrl\":\"https:\\\/\\\/valleos.eu\\\/wp-content\\\/uploads\\\/2025\\\/05\\\/f1.webp\",\"width\":604,\"height\":562},{\"@type\":\"BreadcrumbList\",\"@id\":\"https:\\\/\\\/valleos.eu\\\/fr\\\/produit\\\/phoenix-glue-plotter\\\/#breadcrumb\",\"itemListElement\":[{\"@type\":\"ListItem\",\"position\":1,\"name\":\"Home\",\"item\":\"https:\\\/\\\/valleos.eu\\\/fr\\\/accueil\\\/\"},{\"@type\":\"ListItem\",\"position\":2,\"name\":\"Produits\",\"item\":\"https:\\\/\\\/valleos.eu\\\/fr\\\/boutique\\\/\"},{\"@type\":\"ListItem\",\"position\":3,\"name\":\"Phoenix Glue Plotter\"}]},{\"@type\":\"WebSite\",\"@id\":\"https:\\\/\\\/valleos.eu\\\/fr\\\/#website\",\"url\":\"https:\\\/\\\/valleos.eu\\\/fr\\\/\",\"name\":\"Valleos\",\"description\":\"\",\"potentialAction\":[{\"@type\":\"SearchAction\",\"target\":{\"@type\":\"EntryPoint\",\"urlTemplate\":\"https:\\\/\\\/valleos.eu\\\/fr\\\/?s={search_term_string}\"},\"query-input\":{\"@type\":\"PropertyValueSpecification\",\"valueRequired\":true,\"valueName\":\"search_term_string\"}}],\"inLanguage\":\"fr-FR\"}]}<\/script>\n<!-- \/ Yoast SEO plugin. -->","yoast_head_json":{"title":"Phoenix Glue Plotter - Valleos","robots":{"index":"index","follow":"follow","max-snippet":"max-snippet:-1","max-image-preview":"max-image-preview:large","max-video-preview":"max-video-preview:-1"},"canonical":"https:\/\/valleos.eu\/fr\/produit\/phoenix-glue-plotter\/","og_locale":"fr_FR","og_type":"article","og_title":"Phoenix Glue Plotter - Valleos","og_description":"Sp\u00e9cifications techniques PHOENIX Surface de collage : 2700 x 1750 mm 4 \u00e9l\u00e9vateurs individuels avec une surface de 675 x [&hellip;]","og_url":"https:\/\/valleos.eu\/fr\/produit\/phoenix-glue-plotter\/","og_site_name":"Valleos","article_modified_time":"2026-04-14T05:50:34+00:00","og_image":[{"width":604,"height":562,"url":"https:\/\/valleos.eu\/wp-content\/uploads\/2025\/05\/f1.webp","type":"image\/webp"}],"twitter_card":"summary_large_image","schema":{"@context":"https:\/\/schema.org","@graph":[{"@type":"WebPage","@id":"https:\/\/valleos.eu\/fr\/produit\/phoenix-glue-plotter\/","url":"https:\/\/valleos.eu\/fr\/produit\/phoenix-glue-plotter\/","name":"Phoenix Glue Plotter - Valleos","isPartOf":{"@id":"https:\/\/valleos.eu\/fr\/#website"},"primaryImageOfPage":{"@id":"https:\/\/valleos.eu\/fr\/produit\/phoenix-glue-plotter\/#primaryimage"},"image":{"@id":"https:\/\/valleos.eu\/fr\/produit\/phoenix-glue-plotter\/#primaryimage"},"thumbnailUrl":"https:\/\/valleos.eu\/wp-content\/uploads\/2025\/05\/f1.webp","datePublished":"2026-04-13T06:47:34+00:00","dateModified":"2026-04-14T05:50:34+00:00","breadcrumb":{"@id":"https:\/\/valleos.eu\/fr\/produit\/phoenix-glue-plotter\/#breadcrumb"},"inLanguage":"fr-FR","potentialAction":[{"@type":"ReadAction","target":["https:\/\/valleos.eu\/fr\/produit\/phoenix-glue-plotter\/"]}]},{"@type":"ImageObject","inLanguage":"fr-FR","@id":"https:\/\/valleos.eu\/fr\/produit\/phoenix-glue-plotter\/#primaryimage","url":"https:\/\/valleos.eu\/wp-content\/uploads\/2025\/05\/f1.webp","contentUrl":"https:\/\/valleos.eu\/wp-content\/uploads\/2025\/05\/f1.webp","width":604,"height":562},{"@type":"BreadcrumbList","@id":"https:\/\/valleos.eu\/fr\/produit\/phoenix-glue-plotter\/#breadcrumb","itemListElement":[{"@type":"ListItem","position":1,"name":"Home","item":"https:\/\/valleos.eu\/fr\/accueil\/"},{"@type":"ListItem","position":2,"name":"Produits","item":"https:\/\/valleos.eu\/fr\/boutique\/"},{"@type":"ListItem","position":3,"name":"Phoenix Glue Plotter"}]},{"@type":"WebSite","@id":"https:\/\/valleos.eu\/fr\/#website","url":"https:\/\/valleos.eu\/fr\/","name":"Valleos","description":"","potentialAction":[{"@type":"SearchAction","target":{"@type":"EntryPoint","urlTemplate":"https:\/\/valleos.eu\/fr\/?s={search_term_string}"},"query-input":{"@type":"PropertyValueSpecification","valueRequired":true,"valueName":"search_term_string"}}],"inLanguage":"fr-FR"}]}},"_links":{"self":[{"href":"https:\/\/valleos.eu\/fr\/wp-json\/wp\/v2\/product\/3060","targetHints":{"allow":["GET"]}}],"collection":[{"href":"https:\/\/valleos.eu\/fr\/wp-json\/wp\/v2\/product"}],"about":[{"href":"https:\/\/valleos.eu\/fr\/wp-json\/wp\/v2\/types\/product"}],"replies":[{"embeddable":true,"href":"https:\/\/valleos.eu\/fr\/wp-json\/wp\/v2\/comments?post=3060"}],"wp:featuredmedia":[{"embeddable":true,"href":"https:\/\/valleos.eu\/fr\/wp-json\/wp\/v2\/media\/2000"}],"wp:attachment":[{"href":"https:\/\/valleos.eu\/fr\/wp-json\/wp\/v2\/media?parent=3060"}],"wp:term":[{"taxonomy":"product_brand","embeddable":true,"href":"https:\/\/valleos.eu\/fr\/wp-json\/wp\/v2\/product_brand?post=3060"},{"taxonomy":"product_cat","embeddable":true,"href":"https:\/\/valleos.eu\/fr\/wp-json\/wp\/v2\/product_cat?post=3060"},{"taxonomy":"product_tag","embeddable":true,"href":"https:\/\/valleos.eu\/fr\/wp-json\/wp\/v2\/product_tag?post=3060"},{"taxonomy":"variety","embeddable":true,"href":"https:\/\/valleos.eu\/fr\/wp-json\/wp\/v2\/variety?post=3060"}],"curies":[{"name":"wp","href":"https:\/\/api.w.org\/{rel}","templated":true}]}}